{"id":2621,"date":"2025-11-11T13:57:27","date_gmt":"2025-11-11T16:57:27","guid":{"rendered":"https:\/\/ipremburitama.sp.gov.br\/?page_id=2621"},"modified":"2025-11-11T13:57:27","modified_gmt":"2025-11-11T16:57:27","slug":"atas-comite-de-investimentos-2025","status":"publish","type":"page","link":"https:\/\/ipremburitama.sp.gov.br\/index.php\/atas-comite-de-investimentos-2025\/","title":{"rendered":"Atas Comit\u00ea de Investimentos 2025"},"content":{"rendered":"\n<div class=\"wp-block-group is-nowrap is-layout-flex wp-container-core-group-is-layout-ad2f72ca wp-block-group-is-layout-flex\">\n<figure class=\"wp-block-image size-full is-resized\"><img fetchpriority=\"high\" decoding=\"async\" width=\"300\" height=\"281\" src=\"https:\/\/ipremburitama.sp.gov.br\/wp-content\/uploads\/2025\/11\/image-1.png\" alt=\"\" class=\"wp-image-2490\" style=\"width:53px;height:auto\" srcset=\"https:\/\/ipremburitama.sp.gov.br\/wp-content\/uploads\/2025\/11\/image-1.png 300w, https:\/\/ipremburitama.sp.gov.br\/wp-content\/uploads\/2025\/11\/image-1-20x19.png 20w\" sizes=\"(max-width: 300px) 100vw, 300px\" \/><\/figure>\n\n\n\n<p><a href=\"https:\/\/ipremburitama.sp.gov.br\/wp-content\/uploads\/2025\/11\/AtaComite01_2025.pdf\" data-type=\"link\" data-id=\"https:\/\/ipremburitama.sp.gov.br\/wp-content\/uploads\/2025\/11\/AtaComite01_2025.pdf\">Comit\u00ea 01_2025<\/a><\/p>\n<\/div>\n\n\n\n<div class=\"wp-block-group is-nowrap is-layout-flex wp-container-core-group-is-layout-ad2f72ca wp-block-group-is-layout-flex\">\n<figure class=\"wp-block-image size-full is-resized\"><img fetchpriority=\"high\" decoding=\"async\" width=\"300\" height=\"281\" src=\"https:\/\/ipremburitama.sp.gov.br\/wp-content\/uploads\/2025\/11\/image-1.png\" alt=\"\" class=\"wp-image-2490\" style=\"width:53px;height:auto\" srcset=\"https:\/\/ipremburitama.sp.gov.br\/wp-content\/uploads\/2025\/11\/image-1.png 300w, https:\/\/ipremburitama.sp.gov.br\/wp-content\/uploads\/2025\/11\/image-1-20x19.png 20w\" sizes=\"(max-width: 300px) 100vw, 300px\" \/><\/figure>\n\n\n\n<p><a href=\"https:\/\/ipremburitama.sp.gov.br\/wp-content\/uploads\/2025\/11\/AtaComite02_2025.pdf\" data-type=\"link\" data-id=\"https:\/\/ipremburitama.sp.gov.br\/wp-content\/uploads\/2025\/11\/AtaComite02_2025.pdf\">Comit\u00ea 02_2025<\/a><\/p>\n<\/div>\n\n\n\n<div class=\"wp-block-group is-nowrap is-layout-flex wp-container-core-group-is-layout-ad2f72ca wp-block-group-is-layout-flex\">\n<figure class=\"wp-block-image size-full is-resized\"><img fetchpriority=\"high\" decoding=\"async\" width=\"300\" height=\"281\" src=\"https:\/\/ipremburitama.sp.gov.br\/wp-content\/uploads\/2025\/11\/image-1.png\" alt=\"\" class=\"wp-image-2490\" style=\"width:53px;height:auto\" srcset=\"https:\/\/ipremburitama.sp.gov.br\/wp-content\/uploads\/2025\/11\/image-1.png 300w, https:\/\/ipremburitama.sp.gov.br\/wp-content\/uploads\/2025\/11\/image-1-20x19.png 20w\" sizes=\"(max-width: 300px) 100vw, 300px\" \/><\/figure>\n\n\n\n<p><a href=\"https:\/\/ipremburitama.sp.gov.br\/wp-content\/uploads\/2025\/11\/AtaComite03_2025.pdf\" data-type=\"link\" data-id=\"https:\/\/ipremburitama.sp.gov.br\/wp-content\/uploads\/2025\/11\/AtaComite03_2025.pdf\">Comit\u00ea 03_2025<\/a><\/p>\n<\/div>\n\n\n\n<div class=\"wp-block-group is-nowrap is-layout-flex wp-container-core-group-is-layout-ad2f72ca wp-block-group-is-layout-flex\">\n<figure class=\"wp-block-image size-full is-resized\"><img fetchpriority=\"high\" decoding=\"async\" width=\"300\" height=\"281\" src=\"https:\/\/ipremburitama.sp.gov.br\/wp-content\/uploads\/2025\/11\/image-1.png\" alt=\"\" class=\"wp-image-2490\" style=\"width:53px;height:auto\" srcset=\"https:\/\/ipremburitama.sp.gov.br\/wp-content\/uploads\/2025\/11\/image-1.png 300w, https:\/\/ipremburitama.sp.gov.br\/wp-content\/uploads\/2025\/11\/image-1-20x19.png 20w\" sizes=\"(max-width: 300px) 100vw, 300px\" \/><\/figure>\n\n\n\n<p><a href=\"https:\/\/ipremburitama.sp.gov.br\/wp-content\/uploads\/2025\/11\/AtaComite04_2025.pdf\" data-type=\"link\" data-id=\"https:\/\/ipremburitama.sp.gov.br\/wp-content\/uploads\/2025\/11\/AtaComite04_2025.pdf\">Comit\u00ea 04_2025<\/a><\/p>\n<\/div>\n\n\n\n<div class=\"wp-block-group is-nowrap is-layout-flex wp-container-core-group-is-layout-ad2f72ca wp-block-group-is-layout-flex\">\n<figure class=\"wp-block-image size-full is-resized\"><img fetchpriority=\"high\" decoding=\"async\" width=\"300\" height=\"281\" src=\"https:\/\/ipremburitama.sp.gov.br\/wp-content\/uploads\/2025\/11\/image-1.png\" alt=\"\" class=\"wp-image-2490\" style=\"width:53px;height:auto\" srcset=\"https:\/\/ipremburitama.sp.gov.br\/wp-content\/uploads\/2025\/11\/image-1.png 300w, https:\/\/ipremburitama.sp.gov.br\/wp-content\/uploads\/2025\/11\/image-1-20x19.png 20w\" sizes=\"(max-width: 300px) 100vw, 300px\" \/><\/figure>\n\n\n\n<p><a href=\"https:\/\/ipremburitama.sp.gov.br\/wp-content\/uploads\/2025\/11\/AtaComite05_2025.pdf\" data-type=\"link\" data-id=\"https:\/\/ipremburitama.sp.gov.br\/wp-content\/uploads\/2025\/11\/AtaComite05_2025.pdf\">Comit\u00ea 05_2025<\/a><\/p>\n<\/div>\n\n\n\n<div class=\"wp-block-group is-nowrap is-layout-flex wp-container-core-group-is-layout-ad2f72ca wp-block-group-is-layout-flex\">\n<figure class=\"wp-block-image size-full is-resized\"><img fetchpriority=\"high\" decoding=\"async\" width=\"300\" height=\"281\" src=\"https:\/\/ipremburitama.sp.gov.br\/wp-content\/uploads\/2025\/11\/image-1.png\" alt=\"\" class=\"wp-image-2490\" style=\"width:53px;height:auto\" srcset=\"https:\/\/ipremburitama.sp.gov.br\/wp-content\/uploads\/2025\/11\/image-1.png 300w, https:\/\/ipremburitama.sp.gov.br\/wp-content\/uploads\/2025\/11\/image-1-20x19.png 20w\" sizes=\"(max-width: 300px) 100vw, 300px\" \/><\/figure>\n\n\n\n<p><a href=\"https:\/\/ipremburitama.sp.gov.br\/wp-content\/uploads\/2025\/11\/AtaComite06_2025.pdf\" data-type=\"link\" data-id=\"https:\/\/ipremburitama.sp.gov.br\/wp-content\/uploads\/2025\/11\/AtaComite06_2025.pdf\">Comit\u00ea 06_2025<\/a><\/p>\n<\/div>\n\n\n\n<div class=\"wp-block-group is-nowrap is-layout-flex wp-container-core-group-is-layout-ad2f72ca wp-block-group-is-layout-flex\">\n<figure class=\"wp-block-image size-full is-resized\"><img fetchpriority=\"high\" decoding=\"async\" width=\"300\" height=\"281\" src=\"https:\/\/ipremburitama.sp.gov.br\/wp-content\/uploads\/2025\/11\/image-1.png\" alt=\"\" class=\"wp-image-2490\" style=\"width:53px;height:auto\" srcset=\"https:\/\/ipremburitama.sp.gov.br\/wp-content\/uploads\/2025\/11\/image-1.png 300w, https:\/\/ipremburitama.sp.gov.br\/wp-content\/uploads\/2025\/11\/image-1-20x19.png 20w\" sizes=\"(max-width: 300px) 100vw, 300px\" \/><\/figure>\n\n\n\n<p><a href=\"https:\/\/ipremburitama.sp.gov.br\/wp-content\/uploads\/2025\/11\/AtaComite07_2025.pdf\" data-type=\"link\" data-id=\"https:\/\/ipremburitama.sp.gov.br\/wp-content\/uploads\/2025\/11\/AtaComite07_2025.pdf\">Comit\u00ea 07_2025<\/a><\/p>\n<\/div>\n\n\n\n<div class=\"wp-block-group is-nowrap is-layout-flex wp-container-core-group-is-layout-ad2f72ca wp-block-group-is-layout-flex\">\n<figure class=\"wp-block-image size-full is-resized\"><img fetchpriority=\"high\" decoding=\"async\" width=\"300\" height=\"281\" src=\"https:\/\/ipremburitama.sp.gov.br\/wp-content\/uploads\/2025\/11\/image-1.png\" alt=\"\" class=\"wp-image-2490\" style=\"width:53px;height:auto\" srcset=\"https:\/\/ipremburitama.sp.gov.br\/wp-content\/uploads\/2025\/11\/image-1.png 300w, https:\/\/ipremburitama.sp.gov.br\/wp-content\/uploads\/2025\/11\/image-1-20x19.png 20w\" sizes=\"(max-width: 300px) 100vw, 300px\" \/><\/figure>\n\n\n\n<p><a href=\"https:\/\/ipremburitama.sp.gov.br\/wp-content\/uploads\/2025\/11\/AtaComite08_2025.pdf\" data-type=\"link\" data-id=\"https:\/\/ipremburitama.sp.gov.br\/wp-content\/uploads\/2025\/11\/AtaComite08_2025.pdf\">Comit\u00ea 08_2025<\/a><\/p>\n<\/div>\n\n\n\n<div class=\"wp-block-group is-nowrap is-layout-flex wp-container-core-group-is-layout-ad2f72ca wp-block-group-is-layout-flex\">\n<figure class=\"wp-block-image size-full is-resized\"><img fetchpriority=\"high\" decoding=\"async\" width=\"300\" height=\"281\" src=\"https:\/\/ipremburitama.sp.gov.br\/wp-content\/uploads\/2025\/11\/image-1.png\" alt=\"\" class=\"wp-image-2490\" style=\"width:53px;height:auto\" srcset=\"https:\/\/ipremburitama.sp.gov.br\/wp-content\/uploads\/2025\/11\/image-1.png 300w, https:\/\/ipremburitama.sp.gov.br\/wp-content\/uploads\/2025\/11\/image-1-20x19.png 20w\" sizes=\"(max-width: 300px) 100vw, 300px\" \/><\/figure>\n\n\n\n<p><a href=\"https:\/\/ipremburitama.sp.gov.br\/wp-content\/uploads\/2025\/11\/AtaComite09_2025.pdf\" data-type=\"link\" data-id=\"https:\/\/ipremburitama.sp.gov.br\/wp-content\/uploads\/2025\/11\/AtaComite09_2025.pdf\">Comit\u00ea 09_2025<\/a><\/p>\n<\/div>\n\n\n\n<div class=\"wp-block-group is-nowrap is-layout-flex wp-container-core-group-is-layout-ad2f72ca wp-block-group-is-layout-flex\">\n<figure class=\"wp-block-image size-full is-resized\"><img fetchpriority=\"high\" decoding=\"async\" width=\"300\" height=\"281\" src=\"https:\/\/ipremburitama.sp.gov.br\/wp-content\/uploads\/2025\/11\/image-1.png\" alt=\"\" class=\"wp-image-2490\" style=\"width:53px;height:auto\" srcset=\"https:\/\/ipremburitama.sp.gov.br\/wp-content\/uploads\/2025\/11\/image-1.png 300w, https:\/\/ipremburitama.sp.gov.br\/wp-content\/uploads\/2025\/11\/image-1-20x19.png 20w\" sizes=\"(max-width: 300px) 100vw, 300px\" \/><\/figure>\n\n\n\n<p><a href=\"https:\/\/ipremburitama.sp.gov.br\/wp-content\/uploads\/2025\/11\/AtaComite10_2025.pdf\" data-type=\"link\" data-id=\"https:\/\/ipremburitama.sp.gov.br\/wp-content\/uploads\/2025\/11\/AtaComite10_2025.pdf\">Comit\u00ea 10_2025<\/a><\/p>\n<\/div>\n\n\n\n<div class=\"wp-block-group is-nowrap is-layout-flex wp-container-core-group-is-layout-ad2f72ca wp-block-group-is-layout-flex\">\n<figure class=\"wp-block-image size-full is-resized\"><img fetchpriority=\"high\" decoding=\"async\" width=\"300\" height=\"281\" src=\"https:\/\/ipremburitama.sp.gov.br\/wp-content\/uploads\/2025\/11\/image-1.png\" alt=\"\" class=\"wp-image-2490\" style=\"width:53px;height:auto\" srcset=\"https:\/\/ipremburitama.sp.gov.br\/wp-content\/uploads\/2025\/11\/image-1.png 300w, https:\/\/ipremburitama.sp.gov.br\/wp-content\/uploads\/2025\/11\/image-1-20x19.png 20w\" sizes=\"(max-width: 300px) 100vw, 300px\" \/><\/figure>\n\n\n\n<p><a href=\"https:\/\/ipremburitama.sp.gov.br\/wp-content\/uploads\/2025\/12\/11_2025.pdf\" data-type=\"link\" data-id=\"https:\/\/ipremburitama.sp.gov.br\/wp-content\/uploads\/2025\/12\/11_2025.pdf\">Comit\u00ea 11_2025<\/a><\/p>\n<\/div>\n\n\n\n<div class=\"wp-block-group is-nowrap is-layout-flex wp-container-core-group-is-layout-ad2f72ca wp-block-group-is-layout-flex\">\n<figure class=\"wp-block-image size-full is-resized\"><img fetchpriority=\"high\" decoding=\"async\" width=\"300\" height=\"281\" src=\"https:\/\/ipremburitama.sp.gov.br\/wp-content\/uploads\/2025\/11\/image-1.png\" alt=\"\" class=\"wp-image-2490\" style=\"width:53px;height:auto\" srcset=\"https:\/\/ipremburitama.sp.gov.br\/wp-content\/uploads\/2025\/11\/image-1.png 300w, https:\/\/ipremburitama.sp.gov.br\/wp-content\/uploads\/2025\/11\/image-1-20x19.png 20w\" sizes=\"(max-width: 300px) 100vw, 300px\" \/><\/figure>\n\n\n\n<p><a href=\"https:\/\/ipremburitama.sp.gov.br\/wp-content\/uploads\/2025\/12\/12_2025.pdf\" data-type=\"link\" data-id=\"https:\/\/ipremburitama.sp.gov.br\/wp-content\/uploads\/2025\/12\/12_2025.pdf\">Comit\u00ea 12_2025<\/a><\/p>\n<\/div>\n\n\n\n<p><a href=\"https:\/\/ipremburitama.sp.gov.br\/wp-content\/uploads\/2025\/12\/13_2025.pdf\" data-type=\"link\" data-id=\"https:\/\/ipremburitama.sp.gov.br\/wp-content\/uploads\/2025\/12\/13_2025.pdf\">Comit\u00ea Investimentos 13_2025<\/a><\/p>\n\n\n\n<p><a href=\"https:\/\/ipremburitama.sp.gov.br\/wp-content\/uploads\/2025\/12\/14_2025.pdf\" data-type=\"link\" data-id=\"https:\/\/ipremburitama.sp.gov.br\/wp-content\/uploads\/2025\/12\/14_2025.pdf\">Comit\u00ea Investimentos 14_2025<\/a><\/p>\n\n","protected":false},"excerpt":{"rendered":"<p>Comit\u00ea 01_2025 Comit\u00ea 02_2025 Comit\u00ea 03_2025 Comit\u00ea 04_2025 Comit\u00ea 05_2025 Comit\u00ea 06_2025 Comit\u00ea 07_2025 Comit\u00ea 08_2025 Comit\u00ea 09_2025 Comit\u00ea 10_2025 Comit\u00ea 11_2025 Comit\u00ea 12_2025 Comit\u00ea Investimentos 13_2025 Comit\u00ea Investimentos 14_2025<\/p>\n","protected":false},"author":2,"featured_media":0,"parent":0,"menu_order":0,"comment_status":"closed","ping_status":"closed","template":"","meta":{"footnotes":""},"class_list":["post-2621","page","type-page","status-publish","hentry"],"featured_media_urls":[],"_links":{"self":[{"href":"https:\/\/ipremburitama.sp.gov.br\/index.php\/wp-json\/wp\/v2\/pages\/2621","targetHints":{"allow":["GET"]}}],"collection":[{"href":"https:\/\/ipremburitama.sp.gov.br\/index.php\/wp-json\/wp\/v2\/pages"}],"about":[{"href":"https:\/\/ipremburitama.sp.gov.br\/index.php\/wp-json\/wp\/v2\/types\/page"}],"author":[{"embeddable":true,"href":"https:\/\/ipremburitama.sp.gov.br\/index.php\/wp-json\/wp\/v2\/users\/2"}],"replies":[{"embeddable":true,"href":"https:\/\/ipremburitama.sp.gov.br\/index.php\/wp-json\/wp\/v2\/comments?post=2621"}],"version-history":[{"count":0,"href":"https:\/\/ipremburitama.sp.gov.br\/index.php\/wp-json\/wp\/v2\/pages\/2621\/revisions"}],"wp:attachment":[{"href":"https:\/\/ipremburitama.sp.gov.br\/index.php\/wp-json\/wp\/v2\/media?parent=2621"}],"curies":[{"name":"wp","href":"https:\/\/api.w.org\/{rel}","templated":true}]}}