{"id":2566,"date":"2025-11-11T13:23:22","date_gmt":"2025-11-11T16:23:22","guid":{"rendered":"https:\/\/ipremburitama.sp.gov.br\/?page_id=2566"},"modified":"2025-11-11T13:23:22","modified_gmt":"2025-11-11T16:23:22","slug":"atas-comite-de-investimentos-2022","status":"publish","type":"page","link":"https:\/\/ipremburitama.sp.gov.br\/index.php\/atas-comite-de-investimentos-2022\/","title":{"rendered":"Atas Comit\u00ea de Investimentos 2022"},"content":{"rendered":"\n<div class=\"wp-block-group is-nowrap is-layout-flex wp-container-core-group-is-layout-ad2f72ca wp-block-group-is-layout-flex\">\n<figure class=\"wp-block-image size-full is-resized\"><img fetchpriority=\"high\" decoding=\"async\" width=\"300\" height=\"281\" src=\"https:\/\/ipremburitama.sp.gov.br\/wp-content\/uploads\/2025\/11\/image-1.png\" alt=\"\" class=\"wp-image-2490\" style=\"width:53px;height:auto\" srcset=\"https:\/\/ipremburitama.sp.gov.br\/wp-content\/uploads\/2025\/11\/image-1.png 300w, https:\/\/ipremburitama.sp.gov.br\/wp-content\/uploads\/2025\/11\/image-1-20x19.png 20w\" sizes=\"(max-width: 300px) 100vw, 300px\" \/><\/figure>\n\n\n\n<p><a href=\"https:\/\/ipremburitama.sp.gov.br\/wp-content\/uploads\/2025\/11\/AtaComite01_2022.pdf\" data-type=\"link\" data-id=\"https:\/\/ipremburitama.sp.gov.br\/wp-content\/uploads\/2025\/11\/AtaComite01_2022.pdf\">Comit\u00ea 01_2022<\/a><\/p>\n<\/div>\n\n\n\n<div class=\"wp-block-group is-nowrap is-layout-flex wp-container-core-group-is-layout-ad2f72ca wp-block-group-is-layout-flex\">\n<figure class=\"wp-block-image size-full is-resized\"><img fetchpriority=\"high\" decoding=\"async\" width=\"300\" height=\"281\" src=\"https:\/\/ipremburitama.sp.gov.br\/wp-content\/uploads\/2025\/11\/image-1.png\" alt=\"\" class=\"wp-image-2490\" style=\"width:53px;height:auto\" srcset=\"https:\/\/ipremburitama.sp.gov.br\/wp-content\/uploads\/2025\/11\/image-1.png 300w, https:\/\/ipremburitama.sp.gov.br\/wp-content\/uploads\/2025\/11\/image-1-20x19.png 20w\" sizes=\"(max-width: 300px) 100vw, 300px\" \/><\/figure>\n\n\n\n<p><a href=\"https:\/\/ipremburitama.sp.gov.br\/wp-content\/uploads\/2025\/11\/AtaComite02_2022.pdf\" data-type=\"link\" data-id=\"https:\/\/ipremburitama.sp.gov.br\/wp-content\/uploads\/2025\/11\/AtaComite02_2022.pdf\">Comit\u00ea 02_2022<\/a><\/p>\n<\/div>\n\n\n\n<div class=\"wp-block-group is-nowrap is-layout-flex wp-container-core-group-is-layout-ad2f72ca wp-block-group-is-layout-flex\">\n<figure class=\"wp-block-image size-full is-resized\"><img fetchpriority=\"high\" decoding=\"async\" width=\"300\" height=\"281\" src=\"https:\/\/ipremburitama.sp.gov.br\/wp-content\/uploads\/2025\/11\/image-1.png\" alt=\"\" class=\"wp-image-2490\" style=\"width:53px;height:auto\" srcset=\"https:\/\/ipremburitama.sp.gov.br\/wp-content\/uploads\/2025\/11\/image-1.png 300w, https:\/\/ipremburitama.sp.gov.br\/wp-content\/uploads\/2025\/11\/image-1-20x19.png 20w\" sizes=\"(max-width: 300px) 100vw, 300px\" \/><\/figure>\n\n\n\n<p><a href=\"https:\/\/ipremburitama.sp.gov.br\/wp-content\/uploads\/2025\/11\/AtaComite03_2022.pdf\" data-type=\"link\" data-id=\"https:\/\/ipremburitama.sp.gov.br\/wp-content\/uploads\/2025\/11\/AtaComite03_2022.pdf\">Comit\u00ea 03_2022<\/a><\/p>\n<\/div>\n\n\n\n<div class=\"wp-block-group is-nowrap is-layout-flex wp-container-core-group-is-layout-ad2f72ca wp-block-group-is-layout-flex\">\n<figure class=\"wp-block-image size-full is-resized\"><img fetchpriority=\"high\" decoding=\"async\" width=\"300\" height=\"281\" src=\"https:\/\/ipremburitama.sp.gov.br\/wp-content\/uploads\/2025\/11\/image-1.png\" alt=\"\" class=\"wp-image-2490\" style=\"width:53px;height:auto\" srcset=\"https:\/\/ipremburitama.sp.gov.br\/wp-content\/uploads\/2025\/11\/image-1.png 300w, https:\/\/ipremburitama.sp.gov.br\/wp-content\/uploads\/2025\/11\/image-1-20x19.png 20w\" sizes=\"(max-width: 300px) 100vw, 300px\" \/><\/figure>\n\n\n\n<p><a href=\"https:\/\/ipremburitama.sp.gov.br\/wp-content\/uploads\/2025\/11\/AtaComite04_2022.pdf\" data-type=\"link\" data-id=\"https:\/\/ipremburitama.sp.gov.br\/wp-content\/uploads\/2025\/11\/AtaComite04_2022.pdf\">Comit\u00ea 04_2022<\/a><\/p>\n<\/div>\n\n\n\n<div class=\"wp-block-group is-nowrap is-layout-flex wp-container-core-group-is-layout-ad2f72ca wp-block-group-is-layout-flex\">\n<figure class=\"wp-block-image size-full is-resized\"><img fetchpriority=\"high\" decoding=\"async\" width=\"300\" height=\"281\" src=\"https:\/\/ipremburitama.sp.gov.br\/wp-content\/uploads\/2025\/11\/image-1.png\" alt=\"\" class=\"wp-image-2490\" style=\"width:53px;height:auto\" srcset=\"https:\/\/ipremburitama.sp.gov.br\/wp-content\/uploads\/2025\/11\/image-1.png 300w, https:\/\/ipremburitama.sp.gov.br\/wp-content\/uploads\/2025\/11\/image-1-20x19.png 20w\" sizes=\"(max-width: 300px) 100vw, 300px\" \/><\/figure>\n\n\n\n<p><a href=\"https:\/\/ipremburitama.sp.gov.br\/wp-content\/uploads\/2025\/11\/AtaComite05_2022.pdf\" data-type=\"link\" data-id=\"https:\/\/ipremburitama.sp.gov.br\/wp-content\/uploads\/2025\/11\/AtaComite05_2022.pdf\">Comit\u00ea 05_2022<\/a><\/p>\n<\/div>\n\n\n\n<div class=\"wp-block-group is-nowrap is-layout-flex wp-container-core-group-is-layout-ad2f72ca wp-block-group-is-layout-flex\">\n<figure class=\"wp-block-image size-full is-resized\"><img fetchpriority=\"high\" decoding=\"async\" width=\"300\" height=\"281\" src=\"https:\/\/ipremburitama.sp.gov.br\/wp-content\/uploads\/2025\/11\/image-1.png\" alt=\"\" class=\"wp-image-2490\" style=\"width:53px;height:auto\" srcset=\"https:\/\/ipremburitama.sp.gov.br\/wp-content\/uploads\/2025\/11\/image-1.png 300w, https:\/\/ipremburitama.sp.gov.br\/wp-content\/uploads\/2025\/11\/image-1-20x19.png 20w\" sizes=\"(max-width: 300px) 100vw, 300px\" \/><\/figure>\n\n\n\n<p><a href=\"https:\/\/ipremburitama.sp.gov.br\/wp-content\/uploads\/2025\/11\/AtaComite06_2022.pdf\" data-type=\"link\" data-id=\"https:\/\/ipremburitama.sp.gov.br\/wp-content\/uploads\/2025\/11\/AtaComite06_2022.pdf\">Comit\u00ea 06_2022<\/a><\/p>\n<\/div>\n\n\n\n<div class=\"wp-block-group is-nowrap is-layout-flex wp-container-core-group-is-layout-ad2f72ca wp-block-group-is-layout-flex\">\n<figure class=\"wp-block-image size-full is-resized\"><img fetchpriority=\"high\" decoding=\"async\" width=\"300\" height=\"281\" src=\"https:\/\/ipremburitama.sp.gov.br\/wp-content\/uploads\/2025\/11\/image-1.png\" alt=\"\" class=\"wp-image-2490\" style=\"width:53px;height:auto\" srcset=\"https:\/\/ipremburitama.sp.gov.br\/wp-content\/uploads\/2025\/11\/image-1.png 300w, https:\/\/ipremburitama.sp.gov.br\/wp-content\/uploads\/2025\/11\/image-1-20x19.png 20w\" sizes=\"(max-width: 300px) 100vw, 300px\" \/><\/figure>\n\n\n\n<p><a href=\"https:\/\/ipremburitama.sp.gov.br\/wp-content\/uploads\/2025\/11\/AtaComite07_2022.pdf\" data-type=\"link\" data-id=\"https:\/\/ipremburitama.sp.gov.br\/wp-content\/uploads\/2025\/11\/AtaComite07_2022.pdf\">Comit\u00ea 07_2022<\/a><\/p>\n<\/div>\n\n\n\n<div class=\"wp-block-group is-nowrap is-layout-flex wp-container-core-group-is-layout-ad2f72ca wp-block-group-is-layout-flex\">\n<figure class=\"wp-block-image size-full is-resized\"><img fetchpriority=\"high\" decoding=\"async\" width=\"300\" height=\"281\" src=\"https:\/\/ipremburitama.sp.gov.br\/wp-content\/uploads\/2025\/11\/image-1.png\" alt=\"\" class=\"wp-image-2490\" style=\"width:53px;height:auto\" srcset=\"https:\/\/ipremburitama.sp.gov.br\/wp-content\/uploads\/2025\/11\/image-1.png 300w, https:\/\/ipremburitama.sp.gov.br\/wp-content\/uploads\/2025\/11\/image-1-20x19.png 20w\" sizes=\"(max-width: 300px) 100vw, 300px\" \/><\/figure>\n\n\n\n<p><a href=\"https:\/\/ipremburitama.sp.gov.br\/wp-content\/uploads\/2025\/11\/AtaComite08-2022.pdf\" data-type=\"link\" data-id=\"https:\/\/ipremburitama.sp.gov.br\/wp-content\/uploads\/2025\/11\/AtaComite08-2022.pdf\">Comit\u00ea 08_2022<\/a><\/p>\n<\/div>\n\n\n\n<div class=\"wp-block-group is-nowrap is-layout-flex wp-container-core-group-is-layout-ad2f72ca wp-block-group-is-layout-flex\">\n<figure class=\"wp-block-image size-full is-resized\"><img fetchpriority=\"high\" decoding=\"async\" width=\"300\" height=\"281\" src=\"https:\/\/ipremburitama.sp.gov.br\/wp-content\/uploads\/2025\/11\/image-1.png\" alt=\"\" class=\"wp-image-2490\" style=\"width:53px;height:auto\" srcset=\"https:\/\/ipremburitama.sp.gov.br\/wp-content\/uploads\/2025\/11\/image-1.png 300w, https:\/\/ipremburitama.sp.gov.br\/wp-content\/uploads\/2025\/11\/image-1-20x19.png 20w\" sizes=\"(max-width: 300px) 100vw, 300px\" \/><\/figure>\n\n\n\n<p><a href=\"https:\/\/ipremburitama.sp.gov.br\/wp-content\/uploads\/2025\/11\/AtaComite09-2022.pdf\" data-type=\"link\" data-id=\"https:\/\/ipremburitama.sp.gov.br\/wp-content\/uploads\/2025\/11\/AtaComite09-2022.pdf\">Comit\u00ea 09_2022<\/a><\/p>\n<\/div>\n\n\n\n<div class=\"wp-block-group is-nowrap is-layout-flex wp-container-core-group-is-layout-ad2f72ca wp-block-group-is-layout-flex\">\n<figure class=\"wp-block-image size-full is-resized\"><img fetchpriority=\"high\" decoding=\"async\" width=\"300\" height=\"281\" src=\"https:\/\/ipremburitama.sp.gov.br\/wp-content\/uploads\/2025\/11\/image-1.png\" alt=\"\" class=\"wp-image-2490\" style=\"width:53px;height:auto\" srcset=\"https:\/\/ipremburitama.sp.gov.br\/wp-content\/uploads\/2025\/11\/image-1.png 300w, https:\/\/ipremburitama.sp.gov.br\/wp-content\/uploads\/2025\/11\/image-1-20x19.png 20w\" sizes=\"(max-width: 300px) 100vw, 300px\" \/><\/figure>\n\n\n\n<p><a href=\"https:\/\/ipremburitama.sp.gov.br\/wp-content\/uploads\/2025\/11\/AtaComite10-2022.pdf\" data-type=\"link\" data-id=\"https:\/\/ipremburitama.sp.gov.br\/wp-content\/uploads\/2025\/11\/AtaComite10-2022.pdf\">Comit\u00ea 10_2022<\/a><\/p>\n<\/div>\n\n\n\n<div class=\"wp-block-group is-nowrap is-layout-flex wp-container-core-group-is-layout-ad2f72ca wp-block-group-is-layout-flex\">\n<figure class=\"wp-block-image size-full is-resized\"><img fetchpriority=\"high\" decoding=\"async\" width=\"300\" height=\"281\" src=\"https:\/\/ipremburitama.sp.gov.br\/wp-content\/uploads\/2025\/11\/image-1.png\" alt=\"\" class=\"wp-image-2490\" style=\"width:53px;height:auto\" srcset=\"https:\/\/ipremburitama.sp.gov.br\/wp-content\/uploads\/2025\/11\/image-1.png 300w, https:\/\/ipremburitama.sp.gov.br\/wp-content\/uploads\/2025\/11\/image-1-20x19.png 20w\" sizes=\"(max-width: 300px) 100vw, 300px\" \/><\/figure>\n\n\n\n<p><a href=\"https:\/\/ipremburitama.sp.gov.br\/wp-content\/uploads\/2025\/11\/AtaComite11-2022.pdf\" data-type=\"link\" data-id=\"https:\/\/ipremburitama.sp.gov.br\/wp-content\/uploads\/2025\/11\/AtaComite11-2022.pdf\">Comit\u00ea 11_2022<\/a><\/p>\n<\/div>\n\n\n\n<div class=\"wp-block-group is-nowrap is-layout-flex wp-container-core-group-is-layout-ad2f72ca wp-block-group-is-layout-flex\">\n<figure class=\"wp-block-image size-full is-resized\"><img fetchpriority=\"high\" decoding=\"async\" width=\"300\" height=\"281\" src=\"https:\/\/ipremburitama.sp.gov.br\/wp-content\/uploads\/2025\/11\/image-1.png\" alt=\"\" class=\"wp-image-2490\" style=\"width:53px;height:auto\" srcset=\"https:\/\/ipremburitama.sp.gov.br\/wp-content\/uploads\/2025\/11\/image-1.png 300w, https:\/\/ipremburitama.sp.gov.br\/wp-content\/uploads\/2025\/11\/image-1-20x19.png 20w\" sizes=\"(max-width: 300px) 100vw, 300px\" \/><\/figure>\n\n\n\n<p><a href=\"https:\/\/ipremburitama.sp.gov.br\/wp-content\/uploads\/2025\/11\/AtaComite12-2022.pdf\" data-type=\"link\" data-id=\"https:\/\/ipremburitama.sp.gov.br\/wp-content\/uploads\/2025\/11\/AtaComite12-2022.pdf\">Comit\u00ea 12_2022<\/a><\/p>\n<\/div>\n\n\n\n<div class=\"wp-block-group is-nowrap is-layout-flex wp-container-core-group-is-layout-ad2f72ca wp-block-group-is-layout-flex\">\n<figure class=\"wp-block-image size-full is-resized\"><img fetchpriority=\"high\" decoding=\"async\" width=\"300\" height=\"281\" src=\"https:\/\/ipremburitama.sp.gov.br\/wp-content\/uploads\/2025\/11\/image-1.png\" alt=\"\" class=\"wp-image-2490\" style=\"width:53px;height:auto\" srcset=\"https:\/\/ipremburitama.sp.gov.br\/wp-content\/uploads\/2025\/11\/image-1.png 300w, https:\/\/ipremburitama.sp.gov.br\/wp-content\/uploads\/2025\/11\/image-1-20x19.png 20w\" sizes=\"(max-width: 300px) 100vw, 300px\" \/><\/figure>\n\n\n\n<p><a href=\"https:\/\/ipremburitama.sp.gov.br\/wp-content\/uploads\/2025\/11\/AtaComite13-2022.pdf\" data-type=\"link\" data-id=\"https:\/\/ipremburitama.sp.gov.br\/wp-content\/uploads\/2025\/11\/AtaComite13-2022.pdf\">Comit\u00ea 13_2022<\/a><\/p>\n<\/div>\n\n\n\n<div class=\"wp-block-group is-nowrap is-layout-flex wp-container-core-group-is-layout-ad2f72ca wp-block-group-is-layout-flex\">\n<figure class=\"wp-block-image size-full is-resized\"><img fetchpriority=\"high\" decoding=\"async\" width=\"300\" height=\"281\" src=\"https:\/\/ipremburitama.sp.gov.br\/wp-content\/uploads\/2025\/11\/image-1.png\" alt=\"\" class=\"wp-image-2490\" style=\"width:53px;height:auto\" srcset=\"https:\/\/ipremburitama.sp.gov.br\/wp-content\/uploads\/2025\/11\/image-1.png 300w, https:\/\/ipremburitama.sp.gov.br\/wp-content\/uploads\/2025\/11\/image-1-20x19.png 20w\" sizes=\"(max-width: 300px) 100vw, 300px\" \/><\/figure>\n\n\n\n<p><a href=\"https:\/\/ipremburitama.sp.gov.br\/wp-content\/uploads\/2025\/11\/AtaComite14-2022.pdf\" data-type=\"link\" data-id=\"https:\/\/ipremburitama.sp.gov.br\/wp-content\/uploads\/2025\/11\/AtaComite14-2022.pdf\">Comit\u00ea 14_2022<\/a><\/p>\n<\/div>\n\n\n\n<div class=\"wp-block-group is-nowrap is-layout-flex wp-container-core-group-is-layout-ad2f72ca wp-block-group-is-layout-flex\">\n<figure class=\"wp-block-image size-full is-resized\"><img fetchpriority=\"high\" decoding=\"async\" width=\"300\" height=\"281\" src=\"https:\/\/ipremburitama.sp.gov.br\/wp-content\/uploads\/2025\/11\/image-1.png\" alt=\"\" class=\"wp-image-2490\" style=\"width:53px;height:auto\" srcset=\"https:\/\/ipremburitama.sp.gov.br\/wp-content\/uploads\/2025\/11\/image-1.png 300w, https:\/\/ipremburitama.sp.gov.br\/wp-content\/uploads\/2025\/11\/image-1-20x19.png 20w\" sizes=\"(max-width: 300px) 100vw, 300px\" \/><\/figure>\n\n\n\n<p><a href=\"https:\/\/ipremburitama.sp.gov.br\/wp-content\/uploads\/2025\/11\/AtaComite15-2022.pdf\" data-type=\"link\" data-id=\"https:\/\/ipremburitama.sp.gov.br\/wp-content\/uploads\/2025\/11\/AtaComite15-2022.pdf\">Comit\u00ea 15_2022<\/a><\/p>\n<\/div>\n\n\n\n<div class=\"wp-block-group is-nowrap is-layout-flex wp-container-core-group-is-layout-ad2f72ca wp-block-group-is-layout-flex\">\n<figure class=\"wp-block-image size-full is-resized\"><img fetchpriority=\"high\" decoding=\"async\" width=\"300\" height=\"281\" src=\"https:\/\/ipremburitama.sp.gov.br\/wp-content\/uploads\/2025\/11\/image-1.png\" alt=\"\" class=\"wp-image-2490\" style=\"width:53px;height:auto\" srcset=\"https:\/\/ipremburitama.sp.gov.br\/wp-content\/uploads\/2025\/11\/image-1.png 300w, https:\/\/ipremburitama.sp.gov.br\/wp-content\/uploads\/2025\/11\/image-1-20x19.png 20w\" sizes=\"(max-width: 300px) 100vw, 300px\" \/><\/figure>\n\n\n\n<p><a href=\"https:\/\/ipremburitama.sp.gov.br\/wp-content\/uploads\/2025\/11\/AtaComite16-2022.pdf\" data-type=\"link\" data-id=\"https:\/\/ipremburitama.sp.gov.br\/wp-content\/uploads\/2025\/11\/AtaComite16-2022.pdf\">Comit\u00ea 16_2022<\/a><\/p>\n<\/div>\n\n","protected":false},"excerpt":{"rendered":"<p>Comit\u00ea 01_2022 Comit\u00ea 02_2022 Comit\u00ea 03_2022 Comit\u00ea 04_2022 Comit\u00ea 05_2022 Comit\u00ea 06_2022 Comit\u00ea 07_2022 Comit\u00ea 08_2022 Comit\u00ea 09_2022 Comit\u00ea 10_2022 Comit\u00ea 11_2022 Comit\u00ea 12_2022 Comit\u00ea 13_2022 Comit\u00ea 14_2022 Comit\u00ea 15_2022 Comit\u00ea 16_2022<\/p>\n","protected":false},"author":2,"featured_media":0,"parent":0,"menu_order":0,"comment_status":"closed","ping_status":"closed","template":"","meta":{"footnotes":""},"class_list":["post-2566","page","type-page","status-publish","hentry"],"featured_media_urls":[],"_links":{"self":[{"href":"https:\/\/ipremburitama.sp.gov.br\/index.php\/wp-json\/wp\/v2\/pages\/2566","targetHints":{"allow":["GET"]}}],"collection":[{"href":"https:\/\/ipremburitama.sp.gov.br\/index.php\/wp-json\/wp\/v2\/pages"}],"about":[{"href":"https:\/\/ipremburitama.sp.gov.br\/index.php\/wp-json\/wp\/v2\/types\/page"}],"author":[{"embeddable":true,"href":"https:\/\/ipremburitama.sp.gov.br\/index.php\/wp-json\/wp\/v2\/users\/2"}],"replies":[{"embeddable":true,"href":"https:\/\/ipremburitama.sp.gov.br\/index.php\/wp-json\/wp\/v2\/comments?post=2566"}],"version-history":[{"count":0,"href":"https:\/\/ipremburitama.sp.gov.br\/index.php\/wp-json\/wp\/v2\/pages\/2566\/revisions"}],"wp:attachment":[{"href":"https:\/\/ipremburitama.sp.gov.br\/index.php\/wp-json\/wp\/v2\/media?parent=2566"}],"curies":[{"name":"wp","href":"https:\/\/api.w.org\/{rel}","templated":true}]}}