{"id":2548,"date":"2025-11-11T11:13:44","date_gmt":"2025-11-11T14:13:44","guid":{"rendered":"https:\/\/ipremburitama.sp.gov.br\/?page_id=2548"},"modified":"2025-11-11T11:13:44","modified_gmt":"2025-11-11T14:13:44","slug":"atas-comite-de-investimentos-2021","status":"publish","type":"page","link":"https:\/\/ipremburitama.sp.gov.br\/index.php\/atas-comite-de-investimentos-2021\/","title":{"rendered":"Atas Comit\u00ea de Investimentos 2021"},"content":{"rendered":"\n<div class=\"wp-block-group is-nowrap is-layout-flex wp-container-core-group-is-layout-ad2f72ca wp-block-group-is-layout-flex\">\n<figure class=\"wp-block-image size-full is-resized\"><img fetchpriority=\"high\" decoding=\"async\" width=\"300\" height=\"281\" src=\"https:\/\/ipremburitama.sp.gov.br\/wp-content\/uploads\/2025\/11\/image-1.png\" alt=\"\" class=\"wp-image-2490\" style=\"width:53px;height:auto\" srcset=\"https:\/\/ipremburitama.sp.gov.br\/wp-content\/uploads\/2025\/11\/image-1.png 300w, https:\/\/ipremburitama.sp.gov.br\/wp-content\/uploads\/2025\/11\/image-1-20x19.png 20w\" sizes=\"(max-width: 300px) 100vw, 300px\" \/><\/figure>\n\n\n\n<p><a href=\"https:\/\/ipremburitama.sp.gov.br\/wp-content\/uploads\/2025\/11\/AtaComit01_2021.pdf\" data-type=\"link\" data-id=\"https:\/\/ipremburitama.sp.gov.br\/wp-content\/uploads\/2025\/11\/AtaComit01_2021.pdf\">Comit\u00ea 01_2021<\/a><\/p>\n<\/div>\n\n\n\n<div class=\"wp-block-group is-nowrap is-layout-flex wp-container-core-group-is-layout-ad2f72ca wp-block-group-is-layout-flex\">\n<figure class=\"wp-block-image size-full is-resized\"><img fetchpriority=\"high\" decoding=\"async\" width=\"300\" height=\"281\" src=\"https:\/\/ipremburitama.sp.gov.br\/wp-content\/uploads\/2025\/11\/image-1.png\" alt=\"\" class=\"wp-image-2490\" style=\"width:53px;height:auto\" srcset=\"https:\/\/ipremburitama.sp.gov.br\/wp-content\/uploads\/2025\/11\/image-1.png 300w, https:\/\/ipremburitama.sp.gov.br\/wp-content\/uploads\/2025\/11\/image-1-20x19.png 20w\" sizes=\"(max-width: 300px) 100vw, 300px\" \/><\/figure>\n\n\n\n<p><a href=\"https:\/\/ipremburitama.sp.gov.br\/wp-content\/uploads\/2025\/11\/AtaComit02_2021.pdf\" data-type=\"link\" data-id=\"https:\/\/ipremburitama.sp.gov.br\/wp-content\/uploads\/2025\/11\/AtaComit02_2021.pdf\">Comit\u00ea 02_2021<\/a><\/p>\n<\/div>\n\n\n\n<div class=\"wp-block-group is-nowrap is-layout-flex wp-container-core-group-is-layout-ad2f72ca wp-block-group-is-layout-flex\">\n<figure class=\"wp-block-image size-full is-resized\"><img fetchpriority=\"high\" decoding=\"async\" width=\"300\" height=\"281\" src=\"https:\/\/ipremburitama.sp.gov.br\/wp-content\/uploads\/2025\/11\/image-1.png\" alt=\"\" class=\"wp-image-2490\" style=\"width:53px;height:auto\" srcset=\"https:\/\/ipremburitama.sp.gov.br\/wp-content\/uploads\/2025\/11\/image-1.png 300w, https:\/\/ipremburitama.sp.gov.br\/wp-content\/uploads\/2025\/11\/image-1-20x19.png 20w\" sizes=\"(max-width: 300px) 100vw, 300px\" \/><\/figure>\n\n\n\n<p><a href=\"https:\/\/ipremburitama.sp.gov.br\/wp-content\/uploads\/2025\/11\/AtaComit03_2021.pdf\" data-type=\"link\" data-id=\"https:\/\/ipremburitama.sp.gov.br\/wp-content\/uploads\/2025\/11\/AtaComit03_2021.pdf\">Comit\u00ea 03_2021<\/a><\/p>\n<\/div>\n\n\n\n<div class=\"wp-block-group is-nowrap is-layout-flex wp-container-core-group-is-layout-ad2f72ca wp-block-group-is-layout-flex\">\n<figure class=\"wp-block-image size-full is-resized\"><img fetchpriority=\"high\" decoding=\"async\" width=\"300\" height=\"281\" src=\"https:\/\/ipremburitama.sp.gov.br\/wp-content\/uploads\/2025\/11\/image-1.png\" alt=\"\" class=\"wp-image-2490\" style=\"width:53px;height:auto\" srcset=\"https:\/\/ipremburitama.sp.gov.br\/wp-content\/uploads\/2025\/11\/image-1.png 300w, https:\/\/ipremburitama.sp.gov.br\/wp-content\/uploads\/2025\/11\/image-1-20x19.png 20w\" sizes=\"(max-width: 300px) 100vw, 300px\" \/><\/figure>\n\n\n\n<p><a href=\"https:\/\/ipremburitama.sp.gov.br\/wp-content\/uploads\/2025\/11\/AtaComit04_2021.pdf\" data-type=\"link\" data-id=\"https:\/\/ipremburitama.sp.gov.br\/wp-content\/uploads\/2025\/11\/AtaComit04_2021.pdf\">Comit\u00ea 04_2021<\/a><\/p>\n<\/div>\n\n\n\n<div class=\"wp-block-group is-nowrap is-layout-flex wp-container-core-group-is-layout-ad2f72ca wp-block-group-is-layout-flex\">\n<figure class=\"wp-block-image size-full is-resized\"><img fetchpriority=\"high\" decoding=\"async\" width=\"300\" height=\"281\" src=\"https:\/\/ipremburitama.sp.gov.br\/wp-content\/uploads\/2025\/11\/image-1.png\" alt=\"\" class=\"wp-image-2490\" style=\"width:53px;height:auto\" srcset=\"https:\/\/ipremburitama.sp.gov.br\/wp-content\/uploads\/2025\/11\/image-1.png 300w, https:\/\/ipremburitama.sp.gov.br\/wp-content\/uploads\/2025\/11\/image-1-20x19.png 20w\" sizes=\"(max-width: 300px) 100vw, 300px\" \/><\/figure>\n\n\n\n<p><a href=\"https:\/\/ipremburitama.sp.gov.br\/wp-content\/uploads\/2025\/11\/AtaComit05_2021.pdf\" data-type=\"link\" data-id=\"https:\/\/ipremburitama.sp.gov.br\/wp-content\/uploads\/2025\/11\/AtaComit05_2021.pdf\">Comit\u00ea 05_2021<\/a><\/p>\n<\/div>\n\n\n\n<div class=\"wp-block-group is-nowrap is-layout-flex wp-container-core-group-is-layout-ad2f72ca wp-block-group-is-layout-flex\">\n<figure class=\"wp-block-image size-full is-resized\"><img fetchpriority=\"high\" decoding=\"async\" width=\"300\" height=\"281\" src=\"https:\/\/ipremburitama.sp.gov.br\/wp-content\/uploads\/2025\/11\/image-1.png\" alt=\"\" class=\"wp-image-2490\" style=\"width:53px;height:auto\" srcset=\"https:\/\/ipremburitama.sp.gov.br\/wp-content\/uploads\/2025\/11\/image-1.png 300w, https:\/\/ipremburitama.sp.gov.br\/wp-content\/uploads\/2025\/11\/image-1-20x19.png 20w\" sizes=\"(max-width: 300px) 100vw, 300px\" \/><\/figure>\n\n\n\n<p><a href=\"https:\/\/ipremburitama.sp.gov.br\/wp-content\/uploads\/2025\/11\/AtaComit06_2021.pdf\" data-type=\"link\" data-id=\"https:\/\/ipremburitama.sp.gov.br\/wp-content\/uploads\/2025\/11\/AtaComit06_2021.pdf\">Comit\u00ea 06_2021<\/a><\/p>\n<\/div>\n\n\n\n<div class=\"wp-block-group is-nowrap is-layout-flex wp-container-core-group-is-layout-ad2f72ca wp-block-group-is-layout-flex\">\n<figure class=\"wp-block-image size-full is-resized\"><img fetchpriority=\"high\" decoding=\"async\" width=\"300\" height=\"281\" src=\"https:\/\/ipremburitama.sp.gov.br\/wp-content\/uploads\/2025\/11\/image-1.png\" alt=\"\" class=\"wp-image-2490\" style=\"width:53px;height:auto\" srcset=\"https:\/\/ipremburitama.sp.gov.br\/wp-content\/uploads\/2025\/11\/image-1.png 300w, https:\/\/ipremburitama.sp.gov.br\/wp-content\/uploads\/2025\/11\/image-1-20x19.png 20w\" sizes=\"(max-width: 300px) 100vw, 300px\" \/><\/figure>\n\n\n\n<p><a href=\"https:\/\/ipremburitama.sp.gov.br\/wp-content\/uploads\/2025\/11\/AtaComit07_-2021.pdf\" data-type=\"link\" data-id=\"https:\/\/ipremburitama.sp.gov.br\/wp-content\/uploads\/2025\/11\/AtaComit07_-2021.pdf\">Comit\u00ea 07_2021<\/a><\/p>\n<\/div>\n\n\n\n<div class=\"wp-block-group is-nowrap is-layout-flex wp-container-core-group-is-layout-ad2f72ca wp-block-group-is-layout-flex\">\n<figure class=\"wp-block-image size-full is-resized\"><img fetchpriority=\"high\" decoding=\"async\" width=\"300\" height=\"281\" src=\"https:\/\/ipremburitama.sp.gov.br\/wp-content\/uploads\/2025\/11\/image-1.png\" alt=\"\" class=\"wp-image-2490\" style=\"width:53px;height:auto\" srcset=\"https:\/\/ipremburitama.sp.gov.br\/wp-content\/uploads\/2025\/11\/image-1.png 300w, https:\/\/ipremburitama.sp.gov.br\/wp-content\/uploads\/2025\/11\/image-1-20x19.png 20w\" sizes=\"(max-width: 300px) 100vw, 300px\" \/><\/figure>\n\n\n\n<p><a href=\"https:\/\/ipremburitama.sp.gov.br\/wp-content\/uploads\/2025\/11\/AtaComit08_-2021.pdf\" data-type=\"link\" data-id=\"https:\/\/ipremburitama.sp.gov.br\/wp-content\/uploads\/2025\/11\/AtaComit08_-2021.pdf\">Comit\u00ea 08_2021<\/a><\/p>\n<\/div>\n\n\n\n<div class=\"wp-block-group is-nowrap is-layout-flex wp-container-core-group-is-layout-ad2f72ca wp-block-group-is-layout-flex\">\n<figure class=\"wp-block-image size-full is-resized\"><img fetchpriority=\"high\" decoding=\"async\" width=\"300\" height=\"281\" src=\"https:\/\/ipremburitama.sp.gov.br\/wp-content\/uploads\/2025\/11\/image-1.png\" alt=\"\" class=\"wp-image-2490\" style=\"width:53px;height:auto\" srcset=\"https:\/\/ipremburitama.sp.gov.br\/wp-content\/uploads\/2025\/11\/image-1.png 300w, https:\/\/ipremburitama.sp.gov.br\/wp-content\/uploads\/2025\/11\/image-1-20x19.png 20w\" sizes=\"(max-width: 300px) 100vw, 300px\" \/><\/figure>\n\n\n\n<p><a href=\"https:\/\/ipremburitama.sp.gov.br\/wp-content\/uploads\/2025\/11\/AtaComit09_-2021.pdf\" data-type=\"link\" data-id=\"https:\/\/ipremburitama.sp.gov.br\/wp-content\/uploads\/2025\/11\/AtaComit09_-2021.pdf\">Comit\u00ea 09_2021<\/a><\/p>\n<\/div>\n\n\n\n<div class=\"wp-block-group is-nowrap is-layout-flex wp-container-core-group-is-layout-ad2f72ca wp-block-group-is-layout-flex\">\n<figure class=\"wp-block-image size-full is-resized\"><img fetchpriority=\"high\" decoding=\"async\" width=\"300\" height=\"281\" src=\"https:\/\/ipremburitama.sp.gov.br\/wp-content\/uploads\/2025\/11\/image-1.png\" alt=\"\" class=\"wp-image-2490\" style=\"width:53px;height:auto\" srcset=\"https:\/\/ipremburitama.sp.gov.br\/wp-content\/uploads\/2025\/11\/image-1.png 300w, https:\/\/ipremburitama.sp.gov.br\/wp-content\/uploads\/2025\/11\/image-1-20x19.png 20w\" sizes=\"(max-width: 300px) 100vw, 300px\" \/><\/figure>\n\n\n\n<p><a href=\"https:\/\/ipremburitama.sp.gov.br\/wp-content\/uploads\/2025\/11\/AtaComit10_-2021.pdf\" data-type=\"link\" data-id=\"https:\/\/ipremburitama.sp.gov.br\/wp-content\/uploads\/2025\/11\/AtaComit10_-2021.pdf\">Comit\u00ea 10_2021<\/a><\/p>\n<\/div>\n\n\n\n<div class=\"wp-block-group is-nowrap is-layout-flex wp-container-core-group-is-layout-ad2f72ca wp-block-group-is-layout-flex\">\n<figure class=\"wp-block-image size-full is-resized\"><img fetchpriority=\"high\" decoding=\"async\" width=\"300\" height=\"281\" src=\"https:\/\/ipremburitama.sp.gov.br\/wp-content\/uploads\/2025\/11\/image-1.png\" alt=\"\" class=\"wp-image-2490\" style=\"width:53px;height:auto\" srcset=\"https:\/\/ipremburitama.sp.gov.br\/wp-content\/uploads\/2025\/11\/image-1.png 300w, https:\/\/ipremburitama.sp.gov.br\/wp-content\/uploads\/2025\/11\/image-1-20x19.png 20w\" sizes=\"(max-width: 300px) 100vw, 300px\" \/><\/figure>\n\n\n\n<p><a href=\"https:\/\/ipremburitama.sp.gov.br\/wp-content\/uploads\/2025\/11\/AtaComit11_-2021-Extra.pdf\" data-type=\"link\" data-id=\"https:\/\/ipremburitama.sp.gov.br\/wp-content\/uploads\/2025\/11\/AtaComit11_-2021-Extra.pdf\">Comit\u00ea 11_2021_Extra<\/a><\/p>\n<\/div>\n\n\n\n<div class=\"wp-block-group is-nowrap is-layout-flex wp-container-core-group-is-layout-ad2f72ca wp-block-group-is-layout-flex\">\n<figure class=\"wp-block-image size-full is-resized\"><img fetchpriority=\"high\" decoding=\"async\" width=\"300\" height=\"281\" src=\"https:\/\/ipremburitama.sp.gov.br\/wp-content\/uploads\/2025\/11\/image-1.png\" alt=\"\" class=\"wp-image-2490\" style=\"width:53px;height:auto\" srcset=\"https:\/\/ipremburitama.sp.gov.br\/wp-content\/uploads\/2025\/11\/image-1.png 300w, https:\/\/ipremburitama.sp.gov.br\/wp-content\/uploads\/2025\/11\/image-1-20x19.png 20w\" sizes=\"(max-width: 300px) 100vw, 300px\" \/><\/figure>\n\n\n\n<p><a href=\"https:\/\/ipremburitama.sp.gov.br\/wp-content\/uploads\/2025\/11\/AtaComit11_2021.pdf\" data-type=\"link\" data-id=\"https:\/\/ipremburitama.sp.gov.br\/wp-content\/uploads\/2025\/11\/AtaComit11_2021.pdf\">Comit\u00ea 11_2021<\/a><\/p>\n<\/div>\n\n\n\n<div class=\"wp-block-group is-nowrap is-layout-flex wp-container-core-group-is-layout-ad2f72ca wp-block-group-is-layout-flex\">\n<figure class=\"wp-block-image size-full is-resized\"><img fetchpriority=\"high\" decoding=\"async\" width=\"300\" height=\"281\" src=\"https:\/\/ipremburitama.sp.gov.br\/wp-content\/uploads\/2025\/11\/image-1.png\" alt=\"\" class=\"wp-image-2490\" style=\"width:53px;height:auto\" srcset=\"https:\/\/ipremburitama.sp.gov.br\/wp-content\/uploads\/2025\/11\/image-1.png 300w, https:\/\/ipremburitama.sp.gov.br\/wp-content\/uploads\/2025\/11\/image-1-20x19.png 20w\" sizes=\"(max-width: 300px) 100vw, 300px\" \/><\/figure>\n\n\n\n<p><a href=\"https:\/\/ipremburitama.sp.gov.br\/wp-content\/uploads\/2025\/11\/AtaComit12_2021.pdf\" data-type=\"link\" data-id=\"https:\/\/ipremburitama.sp.gov.br\/wp-content\/uploads\/2025\/11\/AtaComit12_2021.pdf\">Comit\u00ea 12_2021<\/a><\/p>\n<\/div>\n\n\n\n<div class=\"wp-block-group is-nowrap is-layout-flex wp-container-core-group-is-layout-ad2f72ca wp-block-group-is-layout-flex\">\n<figure class=\"wp-block-image size-full is-resized\"><img fetchpriority=\"high\" decoding=\"async\" width=\"300\" height=\"281\" src=\"https:\/\/ipremburitama.sp.gov.br\/wp-content\/uploads\/2025\/11\/image-1.png\" alt=\"\" class=\"wp-image-2490\" style=\"width:53px;height:auto\" srcset=\"https:\/\/ipremburitama.sp.gov.br\/wp-content\/uploads\/2025\/11\/image-1.png 300w, https:\/\/ipremburitama.sp.gov.br\/wp-content\/uploads\/2025\/11\/image-1-20x19.png 20w\" sizes=\"(max-width: 300px) 100vw, 300px\" \/><\/figure>\n\n\n\n<p><a href=\"https:\/\/ipremburitama.sp.gov.br\/wp-content\/uploads\/2025\/11\/AtaComit13_2021.pdf\" data-type=\"link\" data-id=\"https:\/\/ipremburitama.sp.gov.br\/wp-content\/uploads\/2025\/11\/AtaComit13_2021.pdf\">Comit\u00ea 13_2021<\/a><\/p>\n<\/div>\n\n\n\n<div class=\"wp-block-group is-nowrap is-layout-flex wp-container-core-group-is-layout-ad2f72ca wp-block-group-is-layout-flex\">\n<figure class=\"wp-block-image size-full is-resized\"><img fetchpriority=\"high\" decoding=\"async\" width=\"300\" height=\"281\" src=\"https:\/\/ipremburitama.sp.gov.br\/wp-content\/uploads\/2025\/11\/image-1.png\" alt=\"\" class=\"wp-image-2490\" style=\"width:53px;height:auto\" srcset=\"https:\/\/ipremburitama.sp.gov.br\/wp-content\/uploads\/2025\/11\/image-1.png 300w, https:\/\/ipremburitama.sp.gov.br\/wp-content\/uploads\/2025\/11\/image-1-20x19.png 20w\" sizes=\"(max-width: 300px) 100vw, 300px\" \/><\/figure>\n\n\n\n<p><a href=\"https:\/\/ipremburitama.sp.gov.br\/wp-content\/uploads\/2025\/11\/AtaComit14_2021.pdf\" data-type=\"link\" data-id=\"https:\/\/ipremburitama.sp.gov.br\/wp-content\/uploads\/2025\/11\/AtaComit14_2021.pdf\">Comit\u00ea 14_2021<\/a><\/p>\n<\/div>\n\n","protected":false},"excerpt":{"rendered":"<p>Comit\u00ea 01_2021 Comit\u00ea 02_2021 Comit\u00ea 03_2021 Comit\u00ea 04_2021 Comit\u00ea 05_2021 Comit\u00ea 06_2021 Comit\u00ea 07_2021 Comit\u00ea 08_2021 Comit\u00ea 09_2021 Comit\u00ea 10_2021 Comit\u00ea 11_2021_Extra Comit\u00ea 11_2021 Comit\u00ea 12_2021 Comit\u00ea 13_2021 Comit\u00ea 14_2021<\/p>\n","protected":false},"author":2,"featured_media":0,"parent":0,"menu_order":0,"comment_status":"closed","ping_status":"closed","template":"","meta":{"footnotes":""},"class_list":["post-2548","page","type-page","status-publish","hentry"],"featured_media_urls":[],"_links":{"self":[{"href":"https:\/\/ipremburitama.sp.gov.br\/index.php\/wp-json\/wp\/v2\/pages\/2548","targetHints":{"allow":["GET"]}}],"collection":[{"href":"https:\/\/ipremburitama.sp.gov.br\/index.php\/wp-json\/wp\/v2\/pages"}],"about":[{"href":"https:\/\/ipremburitama.sp.gov.br\/index.php\/wp-json\/wp\/v2\/types\/page"}],"author":[{"embeddable":true,"href":"https:\/\/ipremburitama.sp.gov.br\/index.php\/wp-json\/wp\/v2\/users\/2"}],"replies":[{"embeddable":true,"href":"https:\/\/ipremburitama.sp.gov.br\/index.php\/wp-json\/wp\/v2\/comments?post=2548"}],"version-history":[{"count":0,"href":"https:\/\/ipremburitama.sp.gov.br\/index.php\/wp-json\/wp\/v2\/pages\/2548\/revisions"}],"wp:attachment":[{"href":"https:\/\/ipremburitama.sp.gov.br\/index.php\/wp-json\/wp\/v2\/media?parent=2548"}],"curies":[{"name":"wp","href":"https:\/\/api.w.org\/{rel}","templated":true}]}}