{"id":2509,"date":"2025-11-11T08:54:36","date_gmt":"2025-11-11T11:54:36","guid":{"rendered":"https:\/\/ipremburitama.sp.gov.br\/?page_id=2509"},"modified":"2025-11-11T08:54:36","modified_gmt":"2025-11-11T11:54:36","slug":"atas-comite-de-investimentos-2019","status":"publish","type":"page","link":"https:\/\/ipremburitama.sp.gov.br\/index.php\/atas-comite-de-investimentos-2019\/","title":{"rendered":"Atas Comit\u00ea de Investimentos 2019"},"content":{"rendered":"\n<div class=\"wp-block-group is-nowrap is-layout-flex wp-container-core-group-is-layout-ad2f72ca wp-block-group-is-layout-flex\">\n<figure class=\"wp-block-image size-full is-resized\"><img fetchpriority=\"high\" decoding=\"async\" width=\"300\" height=\"281\" src=\"https:\/\/ipremburitama.sp.gov.br\/wp-content\/uploads\/2025\/11\/image-1.png\" alt=\"\" class=\"wp-image-2490\" style=\"width:53px;height:auto\" srcset=\"https:\/\/ipremburitama.sp.gov.br\/wp-content\/uploads\/2025\/11\/image-1.png 300w, https:\/\/ipremburitama.sp.gov.br\/wp-content\/uploads\/2025\/11\/image-1-20x19.png 20w\" sizes=\"(max-width: 300px) 100vw, 300px\" \/><\/figure>\n\n\n\n<p><a href=\"https:\/\/ipremburitama.sp.gov.br\/wp-content\/uploads\/2025\/11\/Comit01_2019.pdf\" data-type=\"link\" data-id=\"https:\/\/ipremburitama.sp.gov.br\/wp-content\/uploads\/2025\/11\/Comit01_2019.pdf\">Comit\u00ea 01_2019<\/a><\/p>\n<\/div>\n\n\n\n<div class=\"wp-block-group is-nowrap is-layout-flex wp-container-core-group-is-layout-ad2f72ca wp-block-group-is-layout-flex\">\n<figure class=\"wp-block-image size-full is-resized\"><img fetchpriority=\"high\" decoding=\"async\" width=\"300\" height=\"281\" src=\"https:\/\/ipremburitama.sp.gov.br\/wp-content\/uploads\/2025\/11\/image-1.png\" alt=\"\" class=\"wp-image-2490\" style=\"width:53px;height:auto\" srcset=\"https:\/\/ipremburitama.sp.gov.br\/wp-content\/uploads\/2025\/11\/image-1.png 300w, https:\/\/ipremburitama.sp.gov.br\/wp-content\/uploads\/2025\/11\/image-1-20x19.png 20w\" sizes=\"(max-width: 300px) 100vw, 300px\" \/><\/figure>\n\n\n\n<p><a href=\"https:\/\/ipremburitama.sp.gov.br\/wp-content\/uploads\/2025\/11\/Comit02_2019.pdf\" data-type=\"link\" data-id=\"https:\/\/ipremburitama.sp.gov.br\/wp-content\/uploads\/2025\/11\/Comit02_2019.pdf\">Comit\u00ea 02_2019<\/a><\/p>\n<\/div>\n\n\n\n<div class=\"wp-block-group is-nowrap is-layout-flex wp-container-core-group-is-layout-ad2f72ca wp-block-group-is-layout-flex\">\n<figure class=\"wp-block-image size-full is-resized\"><img fetchpriority=\"high\" decoding=\"async\" width=\"300\" height=\"281\" src=\"https:\/\/ipremburitama.sp.gov.br\/wp-content\/uploads\/2025\/11\/image-1.png\" alt=\"\" class=\"wp-image-2490\" style=\"width:53px;height:auto\" srcset=\"https:\/\/ipremburitama.sp.gov.br\/wp-content\/uploads\/2025\/11\/image-1.png 300w, https:\/\/ipremburitama.sp.gov.br\/wp-content\/uploads\/2025\/11\/image-1-20x19.png 20w\" sizes=\"(max-width: 300px) 100vw, 300px\" \/><\/figure>\n\n\n\n<p><a href=\"https:\/\/ipremburitama.sp.gov.br\/wp-content\/uploads\/2025\/11\/Comit03_2019.pdf\" data-type=\"link\" data-id=\"https:\/\/ipremburitama.sp.gov.br\/wp-content\/uploads\/2025\/11\/Comit03_2019.pdf\">Comit\u00ea 03_2019<\/a><\/p>\n<\/div>\n\n\n\n<div class=\"wp-block-group is-nowrap is-layout-flex wp-container-core-group-is-layout-ad2f72ca wp-block-group-is-layout-flex\">\n<figure class=\"wp-block-image size-full is-resized\"><img fetchpriority=\"high\" decoding=\"async\" width=\"300\" height=\"281\" src=\"https:\/\/ipremburitama.sp.gov.br\/wp-content\/uploads\/2025\/11\/image-1.png\" alt=\"\" class=\"wp-image-2490\" style=\"width:53px;height:auto\" srcset=\"https:\/\/ipremburitama.sp.gov.br\/wp-content\/uploads\/2025\/11\/image-1.png 300w, https:\/\/ipremburitama.sp.gov.br\/wp-content\/uploads\/2025\/11\/image-1-20x19.png 20w\" sizes=\"(max-width: 300px) 100vw, 300px\" \/><\/figure>\n\n\n\n<p><a href=\"https:\/\/ipremburitama.sp.gov.br\/wp-content\/uploads\/2025\/11\/Comit04_2019.pdf\" data-type=\"link\" data-id=\"https:\/\/ipremburitama.sp.gov.br\/wp-content\/uploads\/2025\/11\/Comit04_2019.pdf\">Comit\u00ea 04_2019<\/a><\/p>\n<\/div>\n\n\n\n<div class=\"wp-block-group is-nowrap is-layout-flex wp-container-core-group-is-layout-ad2f72ca wp-block-group-is-layout-flex\">\n<figure class=\"wp-block-image size-full is-resized\"><img fetchpriority=\"high\" decoding=\"async\" width=\"300\" height=\"281\" src=\"https:\/\/ipremburitama.sp.gov.br\/wp-content\/uploads\/2025\/11\/image-1.png\" alt=\"\" class=\"wp-image-2490\" style=\"width:53px;height:auto\" srcset=\"https:\/\/ipremburitama.sp.gov.br\/wp-content\/uploads\/2025\/11\/image-1.png 300w, https:\/\/ipremburitama.sp.gov.br\/wp-content\/uploads\/2025\/11\/image-1-20x19.png 20w\" sizes=\"(max-width: 300px) 100vw, 300px\" \/><\/figure>\n\n\n\n<p><a href=\"https:\/\/ipremburitama.sp.gov.br\/wp-content\/uploads\/2025\/11\/Comit05_2019.pdf\" data-type=\"link\" data-id=\"https:\/\/ipremburitama.sp.gov.br\/wp-content\/uploads\/2025\/11\/Comit05_2019.pdf\">Comit\u00ea 05_2019<\/a><\/p>\n<\/div>\n\n\n\n<div class=\"wp-block-group is-nowrap is-layout-flex wp-container-core-group-is-layout-ad2f72ca wp-block-group-is-layout-flex\">\n<figure class=\"wp-block-image size-full is-resized\"><img fetchpriority=\"high\" decoding=\"async\" width=\"300\" height=\"281\" src=\"https:\/\/ipremburitama.sp.gov.br\/wp-content\/uploads\/2025\/11\/image-1.png\" alt=\"\" class=\"wp-image-2490\" style=\"width:53px;height:auto\" srcset=\"https:\/\/ipremburitama.sp.gov.br\/wp-content\/uploads\/2025\/11\/image-1.png 300w, https:\/\/ipremburitama.sp.gov.br\/wp-content\/uploads\/2025\/11\/image-1-20x19.png 20w\" sizes=\"(max-width: 300px) 100vw, 300px\" \/><\/figure>\n\n\n\n<p><a href=\"https:\/\/ipremburitama.sp.gov.br\/wp-content\/uploads\/2025\/11\/Comit06_2019.pdf\" data-type=\"link\" data-id=\"https:\/\/ipremburitama.sp.gov.br\/wp-content\/uploads\/2025\/11\/Comit06_2019.pdf\">Comit\u00ea 06_2019<\/a><\/p>\n<\/div>\n\n\n\n<div class=\"wp-block-group is-nowrap is-layout-flex wp-container-core-group-is-layout-ad2f72ca wp-block-group-is-layout-flex\">\n<figure class=\"wp-block-image size-full is-resized\"><img fetchpriority=\"high\" decoding=\"async\" width=\"300\" height=\"281\" src=\"https:\/\/ipremburitama.sp.gov.br\/wp-content\/uploads\/2025\/11\/image-1.png\" alt=\"\" class=\"wp-image-2490\" style=\"width:53px;height:auto\" srcset=\"https:\/\/ipremburitama.sp.gov.br\/wp-content\/uploads\/2025\/11\/image-1.png 300w, https:\/\/ipremburitama.sp.gov.br\/wp-content\/uploads\/2025\/11\/image-1-20x19.png 20w\" sizes=\"(max-width: 300px) 100vw, 300px\" \/><\/figure>\n\n\n\n<p><a href=\"https:\/\/ipremburitama.sp.gov.br\/wp-content\/uploads\/2025\/11\/Comit07_2019.pdf\" data-type=\"link\" data-id=\"https:\/\/ipremburitama.sp.gov.br\/wp-content\/uploads\/2025\/11\/Comit07_2019.pdf\">Comit\u00ea 07_2019<\/a><\/p>\n<\/div>\n\n\n\n<div class=\"wp-block-group is-nowrap is-layout-flex wp-container-core-group-is-layout-ad2f72ca wp-block-group-is-layout-flex\">\n<figure class=\"wp-block-image size-full is-resized\"><img fetchpriority=\"high\" decoding=\"async\" width=\"300\" height=\"281\" src=\"https:\/\/ipremburitama.sp.gov.br\/wp-content\/uploads\/2025\/11\/image-1.png\" alt=\"\" class=\"wp-image-2490\" style=\"width:53px;height:auto\" srcset=\"https:\/\/ipremburitama.sp.gov.br\/wp-content\/uploads\/2025\/11\/image-1.png 300w, https:\/\/ipremburitama.sp.gov.br\/wp-content\/uploads\/2025\/11\/image-1-20x19.png 20w\" sizes=\"(max-width: 300px) 100vw, 300px\" \/><\/figure>\n\n\n\n<p><a href=\"https:\/\/ipremburitama.sp.gov.br\/wp-content\/uploads\/2025\/11\/Comit08_2019.pdf\" data-type=\"link\" data-id=\"https:\/\/ipremburitama.sp.gov.br\/wp-content\/uploads\/2025\/11\/Comit08_2019.pdf\">Comit\u00ea 08_2019<\/a><\/p>\n<\/div>\n\n\n\n<div class=\"wp-block-group is-nowrap is-layout-flex wp-container-core-group-is-layout-ad2f72ca wp-block-group-is-layout-flex\">\n<figure class=\"wp-block-image size-full is-resized\"><img fetchpriority=\"high\" decoding=\"async\" width=\"300\" height=\"281\" src=\"https:\/\/ipremburitama.sp.gov.br\/wp-content\/uploads\/2025\/11\/image-1.png\" alt=\"\" class=\"wp-image-2490\" style=\"width:53px;height:auto\" srcset=\"https:\/\/ipremburitama.sp.gov.br\/wp-content\/uploads\/2025\/11\/image-1.png 300w, https:\/\/ipremburitama.sp.gov.br\/wp-content\/uploads\/2025\/11\/image-1-20x19.png 20w\" sizes=\"(max-width: 300px) 100vw, 300px\" \/><\/figure>\n\n\n\n<p><a href=\"https:\/\/ipremburitama.sp.gov.br\/wp-content\/uploads\/2025\/11\/Comit09_2019.pdf\" data-type=\"link\" data-id=\"https:\/\/ipremburitama.sp.gov.br\/wp-content\/uploads\/2025\/11\/Comit09_2019.pdf\">Comit\u00ea 09_2019<\/a><\/p>\n<\/div>\n\n\n\n<div class=\"wp-block-group is-nowrap is-layout-flex wp-container-core-group-is-layout-ad2f72ca wp-block-group-is-layout-flex\">\n<figure class=\"wp-block-image size-full is-resized\"><img fetchpriority=\"high\" decoding=\"async\" width=\"300\" height=\"281\" src=\"https:\/\/ipremburitama.sp.gov.br\/wp-content\/uploads\/2025\/11\/image-1.png\" alt=\"\" class=\"wp-image-2490\" style=\"width:53px;height:auto\" srcset=\"https:\/\/ipremburitama.sp.gov.br\/wp-content\/uploads\/2025\/11\/image-1.png 300w, https:\/\/ipremburitama.sp.gov.br\/wp-content\/uploads\/2025\/11\/image-1-20x19.png 20w\" sizes=\"(max-width: 300px) 100vw, 300px\" \/><\/figure>\n\n\n\n<p><a href=\"https:\/\/ipremburitama.sp.gov.br\/wp-content\/uploads\/2025\/11\/Comit10_2019.pdf\" data-type=\"link\" data-id=\"https:\/\/ipremburitama.sp.gov.br\/wp-content\/uploads\/2025\/11\/Comit10_2019.pdf\">Comit\u00ea 10_2019<\/a><\/p>\n<\/div>\n\n\n\n<div class=\"wp-block-group is-nowrap is-layout-flex wp-container-core-group-is-layout-ad2f72ca wp-block-group-is-layout-flex\">\n<figure class=\"wp-block-image size-full is-resized\"><img fetchpriority=\"high\" decoding=\"async\" width=\"300\" height=\"281\" src=\"https:\/\/ipremburitama.sp.gov.br\/wp-content\/uploads\/2025\/11\/image-1.png\" alt=\"\" class=\"wp-image-2490\" style=\"width:53px;height:auto\" srcset=\"https:\/\/ipremburitama.sp.gov.br\/wp-content\/uploads\/2025\/11\/image-1.png 300w, https:\/\/ipremburitama.sp.gov.br\/wp-content\/uploads\/2025\/11\/image-1-20x19.png 20w\" sizes=\"(max-width: 300px) 100vw, 300px\" \/><\/figure>\n\n\n\n<p><a href=\"https:\/\/ipremburitama.sp.gov.br\/wp-content\/uploads\/2025\/11\/Comit11_2019.pdf\" data-type=\"link\" data-id=\"https:\/\/ipremburitama.sp.gov.br\/wp-content\/uploads\/2025\/11\/Comit11_2019.pdf\">Comit\u00ea 11_2019<\/a><\/p>\n<\/div>\n\n\n\n<div class=\"wp-block-group is-nowrap is-layout-flex wp-container-core-group-is-layout-ad2f72ca wp-block-group-is-layout-flex\">\n<figure class=\"wp-block-image size-full is-resized\"><img fetchpriority=\"high\" decoding=\"async\" width=\"300\" height=\"281\" src=\"https:\/\/ipremburitama.sp.gov.br\/wp-content\/uploads\/2025\/11\/image-1.png\" alt=\"\" class=\"wp-image-2490\" style=\"width:53px;height:auto\" srcset=\"https:\/\/ipremburitama.sp.gov.br\/wp-content\/uploads\/2025\/11\/image-1.png 300w, https:\/\/ipremburitama.sp.gov.br\/wp-content\/uploads\/2025\/11\/image-1-20x19.png 20w\" sizes=\"(max-width: 300px) 100vw, 300px\" \/><\/figure>\n\n\n\n<p><a href=\"https:\/\/ipremburitama.sp.gov.br\/wp-content\/uploads\/2025\/11\/Comit12_2019.pdf\" data-type=\"link\" data-id=\"https:\/\/ipremburitama.sp.gov.br\/wp-content\/uploads\/2025\/11\/Comit12_2019.pdf\">Comit\u00ea 12_2019<\/a><\/p>\n<\/div>\n\n\n\n<div class=\"wp-block-group is-nowrap is-layout-flex wp-container-core-group-is-layout-ad2f72ca wp-block-group-is-layout-flex\">\n<figure class=\"wp-block-image size-full is-resized\"><img fetchpriority=\"high\" decoding=\"async\" width=\"300\" height=\"281\" src=\"https:\/\/ipremburitama.sp.gov.br\/wp-content\/uploads\/2025\/11\/image-1.png\" alt=\"\" class=\"wp-image-2490\" style=\"width:53px;height:auto\" srcset=\"https:\/\/ipremburitama.sp.gov.br\/wp-content\/uploads\/2025\/11\/image-1.png 300w, https:\/\/ipremburitama.sp.gov.br\/wp-content\/uploads\/2025\/11\/image-1-20x19.png 20w\" sizes=\"(max-width: 300px) 100vw, 300px\" \/><\/figure>\n\n\n\n<p><a href=\"https:\/\/ipremburitama.sp.gov.br\/wp-content\/uploads\/2025\/11\/Comit13_2019.pdf\" data-type=\"link\" data-id=\"https:\/\/ipremburitama.sp.gov.br\/wp-content\/uploads\/2025\/11\/Comit13_2019.pdf\">Comit\u00ea 13_2019<\/a><\/p>\n<\/div>\n\n","protected":false},"excerpt":{"rendered":"<p>Comit\u00ea 01_2019 Comit\u00ea 02_2019 Comit\u00ea 03_2019 Comit\u00ea 04_2019 Comit\u00ea 05_2019 Comit\u00ea 06_2019 Comit\u00ea 07_2019 Comit\u00ea 08_2019 Comit\u00ea 09_2019 Comit\u00ea 10_2019 Comit\u00ea 11_2019 Comit\u00ea 12_2019 Comit\u00ea 13_2019<\/p>\n","protected":false},"author":2,"featured_media":0,"parent":0,"menu_order":0,"comment_status":"closed","ping_status":"closed","template":"","meta":{"footnotes":""},"class_list":["post-2509","page","type-page","status-publish","hentry"],"featured_media_urls":[],"_links":{"self":[{"href":"https:\/\/ipremburitama.sp.gov.br\/index.php\/wp-json\/wp\/v2\/pages\/2509","targetHints":{"allow":["GET"]}}],"collection":[{"href":"https:\/\/ipremburitama.sp.gov.br\/index.php\/wp-json\/wp\/v2\/pages"}],"about":[{"href":"https:\/\/ipremburitama.sp.gov.br\/index.php\/wp-json\/wp\/v2\/types\/page"}],"author":[{"embeddable":true,"href":"https:\/\/ipremburitama.sp.gov.br\/index.php\/wp-json\/wp\/v2\/users\/2"}],"replies":[{"embeddable":true,"href":"https:\/\/ipremburitama.sp.gov.br\/index.php\/wp-json\/wp\/v2\/comments?post=2509"}],"version-history":[{"count":0,"href":"https:\/\/ipremburitama.sp.gov.br\/index.php\/wp-json\/wp\/v2\/pages\/2509\/revisions"}],"wp:attachment":[{"href":"https:\/\/ipremburitama.sp.gov.br\/index.php\/wp-json\/wp\/v2\/media?parent=2509"}],"curies":[{"name":"wp","href":"https:\/\/api.w.org\/{rel}","templated":true}]}}