{"id":2251,"date":"2025-08-21T15:15:56","date_gmt":"2025-08-21T18:15:56","guid":{"rendered":"https:\/\/ipremburitama.sp.gov.br\/?page_id=2251"},"modified":"2025-08-21T15:15:56","modified_gmt":"2025-08-21T18:15:56","slug":"prestacao-de-contas-2023","status":"publish","type":"page","link":"https:\/\/ipremburitama.sp.gov.br\/index.php\/prestacao-de-contas-2023\/","title":{"rendered":"Presta\u00e7\u00e3o de Contas 2023"},"content":{"rendered":"<p><img decoding=\"async\" class=\"\" src=\"https:\/\/ipremburitama.sp.gov.br\/wp-content\/uploads\/2024\/09\/download-300x281.png\" width=\"42\" height=\"40\" \/><a href=\"https:\/\/ipremburitama.sp.gov.br\/wp-content\/uploads\/2025\/08\/Anexo_12-Balanco_Orcamentario-2023.pdf\">Anexo_12-Balanco_Orcamentario 2023<\/a><\/p>\n<p><img decoding=\"async\" class=\"\" src=\"https:\/\/ipremburitama.sp.gov.br\/wp-content\/uploads\/2024\/09\/download-300x281.png\" width=\"42\" height=\"40\" \/><a href=\"https:\/\/ipremburitama.sp.gov.br\/wp-content\/uploads\/2025\/08\/Anexo_13_Balanco_Financeiro-2023.pdf\">Anexo_13_Balanco_Financeiro 2023<\/a><\/p>\n<p><img decoding=\"async\" class=\"\" src=\"https:\/\/ipremburitama.sp.gov.br\/wp-content\/uploads\/2024\/09\/download-300x281.png\" width=\"42\" height=\"40\" \/><a href=\"https:\/\/ipremburitama.sp.gov.br\/wp-content\/uploads\/2025\/08\/Anexo_14_Balanco_Patrimonial-2023.pdf\">Anexo_14_Balanco_Patrimonial 2023<\/a><\/p>\n<p><img decoding=\"async\" class=\"\" src=\"https:\/\/ipremburitama.sp.gov.br\/wp-content\/uploads\/2024\/09\/download-300x281.png\" width=\"42\" height=\"40\" \/><a href=\"https:\/\/ipremburitama.sp.gov.br\/wp-content\/uploads\/2025\/08\/Anexo_15-Variacoes_Patrimoniais-2023.pdf\">Anexo_15-Variacoes_Patrimoniais 2023<\/a><\/p>\n<p><img decoding=\"async\" class=\"\" src=\"https:\/\/ipremburitama.sp.gov.br\/wp-content\/uploads\/2024\/09\/download-300x281.png\" width=\"42\" height=\"40\" \/><a href=\"https:\/\/ipremburitama.sp.gov.br\/wp-content\/uploads\/2025\/08\/Balancete_da_Despesa_2023.pdf\">Balancete_da_Despesa_2023<\/a><\/p>\n<p><img decoding=\"async\" class=\"\" src=\"https:\/\/ipremburitama.sp.gov.br\/wp-content\/uploads\/2024\/09\/download-300x281.png\" width=\"42\" height=\"40\" \/><a href=\"https:\/\/ipremburitama.sp.gov.br\/wp-content\/uploads\/2025\/08\/Balancete_da_Receita_2023.pdf\">Balancete_da_Receita_2023<\/a><\/p>\n\n\n<p><a href=\"https:\/\/ipremburitama.sp.gov.br\/wp-content\/uploads\/2025\/12\/Sentenca-Pensoes-2023.pdf\" data-type=\"link\" data-id=\"https:\/\/ipremburitama.sp.gov.br\/wp-content\/uploads\/2025\/12\/Sentenca-Pensoes-2023.pdf\">Senten\u00e7a Pens\u00f5es &#8211; 2023<\/a><\/p>\n\n\n\n<p><a href=\"https:\/\/ipremburitama.sp.gov.br\/wp-content\/uploads\/2025\/12\/Sentenca-Aposentadorias-2023.pdf\" data-type=\"link\" data-id=\"https:\/\/ipremburitama.sp.gov.br\/wp-content\/uploads\/2025\/12\/Sentenca-Aposentadorias-2023.pdf\">Senten\u00e7a Aposentadorias &#8211; 2023<\/a><\/p>\n\n\n\n<p>P<a href=\"https:\/\/ipremburitama.sp.gov.br\/wp-content\/uploads\/2025\/12\/Parecer-Balanco-Geral-2023.pdf\" data-type=\"link\" data-id=\"https:\/\/ipremburitama.sp.gov.br\/wp-content\/uploads\/2025\/12\/Parecer-Balanco-Geral-2023.pdf\">arecer &#8211; Balan\u00e7o Geral 2023<\/a><\/p>\n\n\n\n<p><a href=\"https:\/\/ipremburitama.sp.gov.br\/wp-content\/uploads\/2025\/12\/Aprovacao-do-Parcer-das-Contas-2023-CD.pdf\" data-type=\"link\" data-id=\"https:\/\/ipremburitama.sp.gov.br\/wp-content\/uploads\/2025\/12\/Aprovacao-do-Parcer-das-Contas-2023-CD.pdf\">Aprova\u00e7\u00e3o do Parcer das Contas 2023<\/a> &#8211; CD<\/p>\n\n\n\n<p><\/p>\n\n","protected":false},"excerpt":{"rendered":"<p>Anexo_12-Balanco_Orcamentario 2023 Anexo_13_Balanco_Financeiro 2023 Anexo_14_Balanco_Patrimonial 2023 Anexo_15-Variacoes_Patrimoniais 2023 Balancete_da_Despesa_2023 Balancete_da_Receita_2023 Senten\u00e7a Pens\u00f5es &#8211; 2023 Senten\u00e7a Aposentadorias &#8211; 2023 Parecer &#8211; Balan\u00e7o Geral 2023 Aprova\u00e7\u00e3o do Parcer das Contas 2023 &#8211; CD<\/p>\n","protected":false},"author":2,"featured_media":0,"parent":0,"menu_order":0,"comment_status":"closed","ping_status":"closed","template":"","meta":{"footnotes":""},"class_list":["post-2251","page","type-page","status-publish","hentry"],"featured_media_urls":[],"_links":{"self":[{"href":"https:\/\/ipremburitama.sp.gov.br\/index.php\/wp-json\/wp\/v2\/pages\/2251","targetHints":{"allow":["GET"]}}],"collection":[{"href":"https:\/\/ipremburitama.sp.gov.br\/index.php\/wp-json\/wp\/v2\/pages"}],"about":[{"href":"https:\/\/ipremburitama.sp.gov.br\/index.php\/wp-json\/wp\/v2\/types\/page"}],"author":[{"embeddable":true,"href":"https:\/\/ipremburitama.sp.gov.br\/index.php\/wp-json\/wp\/v2\/users\/2"}],"replies":[{"embeddable":true,"href":"https:\/\/ipremburitama.sp.gov.br\/index.php\/wp-json\/wp\/v2\/comments?post=2251"}],"version-history":[{"count":0,"href":"https:\/\/ipremburitama.sp.gov.br\/index.php\/wp-json\/wp\/v2\/pages\/2251\/revisions"}],"wp:attachment":[{"href":"https:\/\/ipremburitama.sp.gov.br\/index.php\/wp-json\/wp\/v2\/media?parent=2251"}],"curies":[{"name":"wp","href":"https:\/\/api.w.org\/{rel}","templated":true}]}}