{"id":2132,"date":"2025-06-16T16:16:01","date_gmt":"2025-06-16T19:16:01","guid":{"rendered":"https:\/\/ipremburitama.sp.gov.br\/?page_id=2132"},"modified":"2025-06-16T16:16:01","modified_gmt":"2025-06-16T19:16:01","slug":"relatorios-2020","status":"publish","type":"page","link":"https:\/\/ipremburitama.sp.gov.br\/index.php\/relatorios-2020\/","title":{"rendered":"Relat\u00f3rios 2020"},"content":{"rendered":"<p><img decoding=\"async\" class=\"alignnone wp-image-1783\" src=\"https:\/\/ipremburitama.sp.gov.br\/wp-content\/uploads\/2024\/09\/download-300x281.png\" alt=\"\" width=\"43\" height=\"40\" \/><a href=\"https:\/\/ipremburitama.sp.gov.br\/wp-content\/uploads\/2025\/06\/01_2020.pdf\">01_2020<\/a><\/p>\n<p><img decoding=\"async\" class=\"alignnone wp-image-1783\" src=\"https:\/\/ipremburitama.sp.gov.br\/wp-content\/uploads\/2024\/09\/download-300x281.png\" alt=\"\" width=\"43\" height=\"40\" \/><a href=\"https:\/\/ipremburitama.sp.gov.br\/wp-content\/uploads\/2025\/06\/02_2020.pdf\">02_2020<\/a><\/p>\n<p><img decoding=\"async\" class=\"alignnone wp-image-1783\" src=\"https:\/\/ipremburitama.sp.gov.br\/wp-content\/uploads\/2024\/09\/download-300x281.png\" alt=\"\" width=\"43\" height=\"40\" \/><a href=\"https:\/\/ipremburitama.sp.gov.br\/wp-content\/uploads\/2025\/06\/03_2020.pdf\">03_2020<\/a><\/p>\n<p><img decoding=\"async\" class=\"alignnone wp-image-1783\" src=\"https:\/\/ipremburitama.sp.gov.br\/wp-content\/uploads\/2024\/09\/download-300x281.png\" alt=\"\" width=\"43\" height=\"40\" \/><a href=\"https:\/\/ipremburitama.sp.gov.br\/wp-content\/uploads\/2025\/06\/04_2020.pdf\">04_2020<\/a><\/p>\n<p><img decoding=\"async\" class=\"alignnone wp-image-1783\" src=\"https:\/\/ipremburitama.sp.gov.br\/wp-content\/uploads\/2024\/09\/download-300x281.png\" alt=\"\" width=\"43\" height=\"40\" \/><a href=\"https:\/\/ipremburitama.sp.gov.br\/wp-content\/uploads\/2025\/06\/05_2020.pdf\">05_2020<\/a><\/p>\n<p><img decoding=\"async\" class=\"alignnone wp-image-1783\" src=\"https:\/\/ipremburitama.sp.gov.br\/wp-content\/uploads\/2024\/09\/download-300x281.png\" alt=\"\" width=\"43\" height=\"40\" \/><a href=\"https:\/\/ipremburitama.sp.gov.br\/wp-content\/uploads\/2025\/06\/06_2020.pdf\">06_2020<\/a><\/p>\n<p><img decoding=\"async\" class=\"alignnone wp-image-1783\" src=\"https:\/\/ipremburitama.sp.gov.br\/wp-content\/uploads\/2024\/09\/download-300x281.png\" alt=\"\" width=\"43\" height=\"40\" \/><a href=\"https:\/\/ipremburitama.sp.gov.br\/wp-content\/uploads\/2025\/06\/07_2020.pdf\">07_2020<\/a><\/p>\n<p><img decoding=\"async\" class=\"alignnone wp-image-1783\" src=\"https:\/\/ipremburitama.sp.gov.br\/wp-content\/uploads\/2024\/09\/download-300x281.png\" alt=\"\" width=\"43\" height=\"40\" \/><a href=\"https:\/\/ipremburitama.sp.gov.br\/wp-content\/uploads\/2025\/06\/08_2020.pdf\">08_2020<\/a><\/p>\n<p><img decoding=\"async\" class=\"alignnone wp-image-1783\" src=\"https:\/\/ipremburitama.sp.gov.br\/wp-content\/uploads\/2024\/09\/download-300x281.png\" alt=\"\" width=\"43\" height=\"40\" \/><a href=\"https:\/\/ipremburitama.sp.gov.br\/wp-content\/uploads\/2025\/06\/09_2020.pdf\">09_2020<\/a><\/p>\n<p><img decoding=\"async\" class=\"alignnone wp-image-1783\" src=\"https:\/\/ipremburitama.sp.gov.br\/wp-content\/uploads\/2024\/09\/download-300x281.png\" alt=\"\" width=\"43\" height=\"40\" \/><a href=\"https:\/\/ipremburitama.sp.gov.br\/wp-content\/uploads\/2025\/06\/10_2020.pdf\">10_2020<\/a><\/p>\n<p><img decoding=\"async\" class=\"alignnone wp-image-1783\" src=\"https:\/\/ipremburitama.sp.gov.br\/wp-content\/uploads\/2024\/09\/download-300x281.png\" alt=\"\" width=\"43\" height=\"40\" \/><a href=\"https:\/\/ipremburitama.sp.gov.br\/wp-content\/uploads\/2025\/06\/11_2020.pdf\">11_2020<\/a><\/p>\n<p><img decoding=\"async\" class=\"alignnone wp-image-1783\" src=\"https:\/\/ipremburitama.sp.gov.br\/wp-content\/uploads\/2024\/09\/download-300x281.png\" alt=\"\" width=\"43\" height=\"40\" \/><a href=\"https:\/\/ipremburitama.sp.gov.br\/wp-content\/uploads\/2025\/06\/12_2020.pdf\">12_2020<\/a><\/p>\n<p><img decoding=\"async\" class=\"alignnone wp-image-1783\" src=\"https:\/\/ipremburitama.sp.gov.br\/wp-content\/uploads\/2024\/09\/download-300x281.png\" alt=\"\" width=\"43\" height=\"40\" \/><a href=\"https:\/\/ipremburitama.sp.gov.br\/wp-content\/uploads\/2025\/06\/Buritama-Relatorio-Trimestral-20-1T.pdf\">Buritama &#8211; Relat\u00f3rio Trimestral 20 1T<\/a><\/p>\n<p><img decoding=\"async\" class=\"alignnone wp-image-1783\" src=\"https:\/\/ipremburitama.sp.gov.br\/wp-content\/uploads\/2024\/09\/download-300x281.png\" alt=\"\" width=\"43\" height=\"40\" \/><a href=\"https:\/\/ipremburitama.sp.gov.br\/wp-content\/uploads\/2025\/06\/Buritama-Relatorio-Trimestral-20-2T.pdf\">Buritama &#8211; Relat\u00f3rio Trimestral 20 2T<\/a><\/p>\n<p><img decoding=\"async\" class=\"alignnone wp-image-1783\" src=\"https:\/\/ipremburitama.sp.gov.br\/wp-content\/uploads\/2024\/09\/download-300x281.png\" alt=\"\" width=\"43\" height=\"40\" \/><a href=\"https:\/\/ipremburitama.sp.gov.br\/wp-content\/uploads\/2025\/06\/Buritama-Relatorio-Trimestral-20-3T.pdf\">Buritama &#8211; Relat\u00f3rio Trimestral 20 3T<\/a><\/p>\n<p><img decoding=\"async\" class=\"alignnone wp-image-1783\" src=\"https:\/\/ipremburitama.sp.gov.br\/wp-content\/uploads\/2024\/09\/download-300x281.png\" alt=\"\" width=\"43\" height=\"40\" \/><a href=\"https:\/\/ipremburitama.sp.gov.br\/wp-content\/uploads\/2025\/06\/Buritama-Relatorio-Trimestral-20-4T.pdf\">Buritama &#8211; Relat\u00f3rio Trimestral 20 4T<\/a><\/p>\n","protected":false},"excerpt":{"rendered":"<p>01_2020 02_2020 03_2020 04_2020 05_2020 06_2020 07_2020 08_2020 09_2020 10_2020 11_2020 12_2020 Buritama &#8211; Relat\u00f3rio Trimestral 20 1T Buritama &#8211; Relat\u00f3rio Trimestral 20 2T Buritama &#8211; Relat\u00f3rio Trimestral 20 3T Buritama &#8211; Relat\u00f3rio Trimestral 20 4T<\/p>\n","protected":false},"author":2,"featured_media":0,"parent":0,"menu_order":0,"comment_status":"closed","ping_status":"closed","template":"","meta":{"footnotes":""},"class_list":["post-2132","page","type-page","status-publish","hentry"],"featured_media_urls":[],"_links":{"self":[{"href":"https:\/\/ipremburitama.sp.gov.br\/index.php\/wp-json\/wp\/v2\/pages\/2132","targetHints":{"allow":["GET"]}}],"collection":[{"href":"https:\/\/ipremburitama.sp.gov.br\/index.php\/wp-json\/wp\/v2\/pages"}],"about":[{"href":"https:\/\/ipremburitama.sp.gov.br\/index.php\/wp-json\/wp\/v2\/types\/page"}],"author":[{"embeddable":true,"href":"https:\/\/ipremburitama.sp.gov.br\/index.php\/wp-json\/wp\/v2\/users\/2"}],"replies":[{"embeddable":true,"href":"https:\/\/ipremburitama.sp.gov.br\/index.php\/wp-json\/wp\/v2\/comments?post=2132"}],"version-history":[{"count":0,"href":"https:\/\/ipremburitama.sp.gov.br\/index.php\/wp-json\/wp\/v2\/pages\/2132\/revisions"}],"wp:attachment":[{"href":"https:\/\/ipremburitama.sp.gov.br\/index.php\/wp-json\/wp\/v2\/media?parent=2132"}],"curies":[{"name":"wp","href":"https:\/\/api.w.org\/{rel}","templated":true}]}}