{"id":1901,"date":"2025-01-10T16:30:23","date_gmt":"2025-01-10T19:30:23","guid":{"rendered":"https:\/\/ipremburitama.sp.gov.br\/?page_id=1901"},"modified":"2026-02-04T11:00:21","modified_gmt":"2026-02-04T11:00:21","slug":"comite-de-investimentos-2","status":"publish","type":"page","link":"https:\/\/ipremburitama.sp.gov.br\/index.php\/comite-de-investimentos-2\/","title":{"rendered":"Comit\u00ea de Investimentos"},"content":{"rendered":"\t\t<div data-elementor-type=\"wp-page\" data-elementor-id=\"1901\" class=\"elementor elementor-1901\">\n\t\t\t\t<div class=\"elementor-element elementor-element-7ffe7d1c e-flex e-con-boxed e-con e-parent\" data-id=\"7ffe7d1c\" data-element_type=\"container\" data-e-type=\"container\">\n\t\t\t\t\t<div class=\"e-con-inner\">\n\t\t\t\t<div class=\"elementor-element elementor-element-2ce9cb76 elementor-widget elementor-widget-text-editor\" data-id=\"2ce9cb76\" data-element_type=\"widget\" data-e-type=\"widget\" data-widget_type=\"text-editor.default\">\n\t\t\t\t\t\t\t\t\t<h4><strong>Comit\u00ea de Investimentos<\/strong><\/h4><h4><strong>Membros<\/strong><\/h4><ul><li>Barbara Cristina dos Santos Zanin \u2013 Presidente \/\u00a0<i>Servidora P\u00fablica Municipal<\/i><\/li><li>Luciana Mar\u00e7al\u2013 Membro \/\u00a0<i>Servidora P\u00fablica\u00a0<\/i><i>Municipal ocupante do cargo de\u00a0<\/i><i>Agente Previdenci\u00e1rio\u00a0<\/i><i>desde\u00a0<\/i><i>1995, bacharel em Administra\u00e7\u00e3o de Ci\u00eancias Cont\u00e1beis, CG INV I.<\/i><\/li><li><i>ocupante do cargo de Tesoureira desde 2013.<\/i><\/li><li>Heverton Candido de Paiva \u2013 Membro \/\u00a0<i>Servidor\u00a0<\/i><i>P\u00fablico Municipal ocupante do cargo\u00a0<\/i><i>efetivo de Tesoureiro, atualmente exerce o cargo em comiss\u00e3o de Superintendente, bacharel\u00a0<\/i><i>em\u00a0<\/i><i>Ci\u00eancias\u00a0<\/i><i>Cont\u00e1beis<\/i><i>, <\/i><i>P\u00f3s Graduado em Direito Previdenci\u00e1rio e Regime Pr\u00f3prio, CG\u00a0<\/i><i>INV\u00a0<\/i><i>III, CP DIRIG III.<\/i><\/li><\/ul><p><b>Regimento Interno <\/b><\/p><p><a href=\"https:\/\/ipremburitama.sp.gov.br\/wp-content\/uploads\/2025\/01\/Regimento-Interno-Comite-de-Investimentos.pdf\" target=\"_blank\" rel=\"noopener\">Regimento Interno Comit\u00ea de Investimentos<\/a><\/p><p><strong>Atas<\/strong><\/p><p><a href=\"https:\/\/ipremburitama.sp.gov.br\/index.php\/comite-de-investimentos-3\/\">Ver atas<\/a><\/p><h4><strong>Reuni\u00f5es<\/strong><\/h4><p><img fetchpriority=\"high\" decoding=\"async\" class=\"aligncenter wp-image-3514 size-large\" src=\"https:\/\/ipremburitama.sp.gov.br\/wp-content\/uploads\/2026\/02\/Calendario-de-Reunioes-do-Comite-de-Investimentos_page-0001-1024x724.jpg\" alt=\"\" width=\"1024\" height=\"724\" srcset=\"https:\/\/ipremburitama.sp.gov.br\/wp-content\/uploads\/2026\/02\/Calendario-de-Reunioes-do-Comite-de-Investimentos_page-0001-1024x724.jpg 1024w, https:\/\/ipremburitama.sp.gov.br\/wp-content\/uploads\/2026\/02\/Calendario-de-Reunioes-do-Comite-de-Investimentos_page-0001-300x212.jpg 300w, https:\/\/ipremburitama.sp.gov.br\/wp-content\/uploads\/2026\/02\/Calendario-de-Reunioes-do-Comite-de-Investimentos_page-0001-768x543.jpg 768w, https:\/\/ipremburitama.sp.gov.br\/wp-content\/uploads\/2026\/02\/Calendario-de-Reunioes-do-Comite-de-Investimentos_page-0001-1536x1086.jpg 1536w, https:\/\/ipremburitama.sp.gov.br\/wp-content\/uploads\/2026\/02\/Calendario-de-Reunioes-do-Comite-de-Investimentos_page-0001-600x424.jpg 600w, https:\/\/ipremburitama.sp.gov.br\/wp-content\/uploads\/2026\/02\/Calendario-de-Reunioes-do-Comite-de-Investimentos_page-0001-1200x849.jpg 1200w, https:\/\/ipremburitama.sp.gov.br\/wp-content\/uploads\/2026\/02\/Calendario-de-Reunioes-do-Comite-de-Investimentos_page-0001-1600x1131.jpg 1600w, https:\/\/ipremburitama.sp.gov.br\/wp-content\/uploads\/2026\/02\/Calendario-de-Reunioes-do-Comite-de-Investimentos_page-0001-1100x778.jpg 1100w, https:\/\/ipremburitama.sp.gov.br\/wp-content\/uploads\/2026\/02\/Calendario-de-Reunioes-do-Comite-de-Investimentos_page-0001-20x14.jpg 20w, https:\/\/ipremburitama.sp.gov.br\/wp-content\/uploads\/2026\/02\/Calendario-de-Reunioes-do-Comite-de-Investimentos_page-0001.jpg 1755w\" sizes=\"(max-width: 1024px) 100vw, 1024px\" \/><\/p>\t\t\t\t\t\t\t\t<\/div>\n\t\t\t\t\t<\/div>\n\t\t\t\t<\/div>\n\t\t\t\t<\/div>\n\t\t","protected":false},"excerpt":{"rendered":"<p>Comit\u00ea de Investimentos Membros Barbara Cristina dos Santos Zanin \u2013 Presidente \/\u00a0Servidora P\u00fablica Municipal Luciana Mar\u00e7al\u2013 Membro \/\u00a0Servidora P\u00fablica\u00a0Municipal ocupante do cargo de\u00a0Agente Previdenci\u00e1rio\u00a0desde\u00a01995, bacharel em Administra\u00e7\u00e3o de Ci\u00eancias Cont\u00e1beis, CG INV I. ocupante do cargo de Tesoureira desde 2013. Heverton Candido de Paiva \u2013 Membro \/\u00a0Servidor\u00a0P\u00fablico Municipal ocupante do cargo\u00a0efetivo de Tesoureiro, atualmente exerce [&hellip;]<\/p>\n","protected":false},"author":2,"featured_media":0,"parent":0,"menu_order":0,"comment_status":"closed","ping_status":"closed","template":"","meta":{"footnotes":""},"class_list":["post-1901","page","type-page","status-publish","hentry"],"featured_media_urls":[],"_links":{"self":[{"href":"https:\/\/ipremburitama.sp.gov.br\/index.php\/wp-json\/wp\/v2\/pages\/1901","targetHints":{"allow":["GET"]}}],"collection":[{"href":"https:\/\/ipremburitama.sp.gov.br\/index.php\/wp-json\/wp\/v2\/pages"}],"about":[{"href":"https:\/\/ipremburitama.sp.gov.br\/index.php\/wp-json\/wp\/v2\/types\/page"}],"author":[{"embeddable":true,"href":"https:\/\/ipremburitama.sp.gov.br\/index.php\/wp-json\/wp\/v2\/users\/2"}],"replies":[{"embeddable":true,"href":"https:\/\/ipremburitama.sp.gov.br\/index.php\/wp-json\/wp\/v2\/comments?post=1901"}],"version-history":[{"count":4,"href":"https:\/\/ipremburitama.sp.gov.br\/index.php\/wp-json\/wp\/v2\/pages\/1901\/revisions"}],"predecessor-version":[{"id":3517,"href":"https:\/\/ipremburitama.sp.gov.br\/index.php\/wp-json\/wp\/v2\/pages\/1901\/revisions\/3517"}],"wp:attachment":[{"href":"https:\/\/ipremburitama.sp.gov.br\/index.php\/wp-json\/wp\/v2\/media?parent=1901"}],"curies":[{"name":"wp","href":"https:\/\/api.w.org\/{rel}","templated":true}]}}