{"id":1889,"date":"2025-01-10T16:06:28","date_gmt":"2025-01-10T19:06:28","guid":{"rendered":"https:\/\/ipremburitama.sp.gov.br\/?page_id=1889"},"modified":"2026-02-04T10:44:23","modified_gmt":"2026-02-04T10:44:23","slug":"relacao-das-entidades-fundos-credenciados","status":"publish","type":"page","link":"https:\/\/ipremburitama.sp.gov.br\/index.php\/relacao-das-entidades-fundos-credenciados\/","title":{"rendered":"Rela\u00e7\u00e3o das Entidades\/Fundos Credenciados"},"content":{"rendered":"<p><strong><u>INSTITUI\u00c7\u00d5ES<\/u><\/strong><\/p>\n<p>BANCO BRADESCO S.A. \u2013 CNPJ 60.746.948\/0001-12<\/p>\n<p>CAIXA ECON\u00d4MICA FEDERAL \u2013 CNPJ 00.360.305\/0001-04<\/p>\n<p>CAIXA DISTRIBUIDORA DE TITULOS E VALORES MOBILI\u00c1RIOS S.A. \u2013 CNPJ 42.040.639\/0001-40<\/p>\n<p>SANTANDER BRASIL ASSET MANAGEMENT \u2013 CNPJ 10.231.177\/0001-52<\/p>\n<p>BB GEST\u00c3O DE RECURSOS \u2013 DISTRIBUIDORA DE TITULOS E VALORES MOBILI\u00c1RIOS S.A. \u2013 CNPJ 30.822.836\/0001-69<\/p>\n<p>BANCO SANTANDER S.A. \u2013 CNPJ 62.375.134\/0001-44<\/p>\n<p>BRADESCO ASSET \u2013 CNPJ \u00a062.375.134\/0001-44<\/p>\n<p>BANCO DO BRASILS S.A. \u2013 CNPJ 00.000.000\/000-01<\/p>\n<p>SANTANDER BRASIL ASSET MANAGEMENT \u2013 CNPJ 10.977.742\/0001-25<\/p>\n<p><strong><u>FUNDOS DE INVESTIMENTOS<\/u><\/strong><\/p>\n<p>BB T\u00cdTULOS P\u00daBLICOS V\u00c9RTICE 2025 \u2013 CNPJ\u00a053.828.338\/0001-00<\/p>\n<p>BB T\u00cdTULOS P\u00daBLICOS V\u00c9RTICE 2026 \u2013 CNPJ\u00a0\u00a054.602.092\/0001-09<\/p>\n<p>BB T\u00cdTULOS P\u00daBLICOS V\u00c9RTICE 2027 \u2013 CNPJ\u00a046.134.096\/0001-81<\/p>\n<p>CAIXA BRASIL 2025 X T\u00cdTULOS P\u00daBLICOS \u2013 CNPJ\u00a054.518.271\/0001-62<\/p>\n<p>CAIXA BRASIL 2026 X T\u00cdTULOS P\u00daBLICOS \u2013 CNPJ\u00a054.518.391\/0001-60<\/p>\n<p>CAIXA BRASIL 2027 T\u00cdTULOS P\u00daBLICOS \u2013 CNPJ\u00a045.443.514\/0001-50<\/p>\n<p>CAIXA BRASIL ESPECIAL 2026 T\u00cdTULOS P\u00daBLICOS \u2013 CNPJ\u00a056.134.800\/0001-50<\/p>\n<p>BB INSTITUCIONAL FI RENDA FIXA \u2013 CNPJ\u00a002.296.928\/0001-90<\/p>\n<p>BB PERFIL FIC RENDA FIXA REFERENCIADO DI PREVIDENCI\u00c1RIO \u2013 CNPJ\u00a013.077.418\/0001-49<\/p>\n<p>BRADESCO DI PREMIUM RESP LIMITADA FIF RENDA FIXA \u2013 CNPJ\u00a0\u00a003.399.411\/0001-90<\/p>\n<p>CAIXA BRASIL FI RENDA FIXA REFERENCIADO DI LP \u2013 CNPJ\u00a003.737.206\/0001-97<\/p>\n<p>SANTANDER INSTITUCIONAL PREMIUM FIC RENDA FIXA \u2013 CNPJ\u00a002.224.354\/0001-45<\/p>\n<p>CAIXA JUROS E MOEDAS FIC MULTIMERCADO LP \u2013 CNPJ\u00a014.120.520\/0001-42<\/p>\n<p>BB TESOURO SELIC RESP LIMITADA FIF CIC RENDA FIXA \u2013 CNPJ\u00a0\u00a004.857.834\/0001-79<\/p>\n<p>BRADESCO FEDERAL EXTRA RESP LIMITADA FIF RENDA FIXA \u2013 CNPJ\u00a003.256.793\/0001-00<\/p>\n<p>BB PREVIDENCI\u00c1RIO RF IRF-M 1 &#8211; CNPJ\u00a011.328.882\/0001-35<\/p>\n<p>CAIXA FI BRASIL IRF-M 1TP RF \u2013 CNPJ\u00a010.740.670\/0001-06<\/p>\n","protected":false},"excerpt":{"rendered":"<p>INSTITUI\u00c7\u00d5ES BANCO BRADESCO S.A. \u2013 CNPJ 60.746.948\/0001-12 CAIXA ECON\u00d4MICA FEDERAL \u2013 CNPJ 00.360.305\/0001-04 CAIXA DISTRIBUIDORA DE TITULOS E VALORES MOBILI\u00c1RIOS S.A. \u2013 CNPJ 42.040.639\/0001-40 SANTANDER BRASIL ASSET MANAGEMENT \u2013 CNPJ 10.231.177\/0001-52 BB GEST\u00c3O DE RECURSOS \u2013 DISTRIBUIDORA DE TITULOS E VALORES MOBILI\u00c1RIOS S.A. \u2013 CNPJ 30.822.836\/0001-69 BANCO SANTANDER S.A. \u2013 CNPJ 62.375.134\/0001-44 BRADESCO ASSET \u2013 [&hellip;]<\/p>\n","protected":false},"author":2,"featured_media":0,"parent":0,"menu_order":0,"comment_status":"closed","ping_status":"closed","template":"","meta":{"footnotes":""},"class_list":["post-1889","page","type-page","status-publish","hentry"],"featured_media_urls":[],"_links":{"self":[{"href":"https:\/\/ipremburitama.sp.gov.br\/index.php\/wp-json\/wp\/v2\/pages\/1889","targetHints":{"allow":["GET"]}}],"collection":[{"href":"https:\/\/ipremburitama.sp.gov.br\/index.php\/wp-json\/wp\/v2\/pages"}],"about":[{"href":"https:\/\/ipremburitama.sp.gov.br\/index.php\/wp-json\/wp\/v2\/types\/page"}],"author":[{"embeddable":true,"href":"https:\/\/ipremburitama.sp.gov.br\/index.php\/wp-json\/wp\/v2\/users\/2"}],"replies":[{"embeddable":true,"href":"https:\/\/ipremburitama.sp.gov.br\/index.php\/wp-json\/wp\/v2\/comments?post=1889"}],"version-history":[{"count":1,"href":"https:\/\/ipremburitama.sp.gov.br\/index.php\/wp-json\/wp\/v2\/pages\/1889\/revisions"}],"predecessor-version":[{"id":3507,"href":"https:\/\/ipremburitama.sp.gov.br\/index.php\/wp-json\/wp\/v2\/pages\/1889\/revisions\/3507"}],"wp:attachment":[{"href":"https:\/\/ipremburitama.sp.gov.br\/index.php\/wp-json\/wp\/v2\/media?parent=1889"}],"curies":[{"name":"wp","href":"https:\/\/api.w.org\/{rel}","templated":true}]}}