{"id":1745,"date":"2024-09-13T14:50:10","date_gmt":"2024-09-13T17:50:10","guid":{"rendered":"https:\/\/ipremburitama.sp.gov.br\/?page_id=1745"},"modified":"2024-09-13T14:50:10","modified_gmt":"2024-09-13T17:50:10","slug":"transparencia","status":"publish","type":"page","link":"https:\/\/ipremburitama.sp.gov.br\/index.php\/transparencia\/","title":{"rendered":"Transpar\u00eancia"},"content":{"rendered":"<p>[vc_section][vc_row][vc_column width=&#8221;1\/4&#8243;][vc_column_text]<\/p>\n<h3>Licita\u00e7\u00f5es e Contratos<\/h3>\n<ul>\n<li>Fornecedores<\/li>\n<li>Licita\u00e7\u00f5es<\/li>\n<\/ul>\n<h3>Gest\u00e3o Atuarial<\/h3>\n<ul>\n<li>Avalia\u00e7\u00e3o atuarial anual<\/li>\n<li>Relat\u00f3rio de gest\u00e3o atuarial<\/li>\n<\/ul>\n<p>[\/vc_column_text][\/vc_column][vc_column width=&#8221;1\/4&#8243;][vc_column_text]<\/p>\n<h3>Not\u00edcias<\/h3>\n<ul>\n<li>Boletins informativos<\/li>\n<li>Galeria<\/li>\n<li>Todas as not\u00edcias<\/li>\n<\/ul>\n<p>[\/vc_column_text][\/vc_column][vc_column width=&#8221;1\/4&#8243;][vc_column_text]<\/p>\n<h3>Jur\u00eddico<\/h3>\n<ul>\n<li>Ac\u00f3rd\u00e3os TCE<\/li>\n<\/ul>\n<p>&nbsp;<\/p>\n<h3>Portal da Transpar\u00eancia<\/h3>\n<ul>\n<li>Portal da Transpar\u00eancia<\/li>\n<\/ul>\n<p>[\/vc_column_text][\/vc_column][vc_column width=&#8221;1\/4&#8243;][vc_column_text]<\/p>\n<h3>Certid\u00f5es<\/h3>\n<ul>\n<li>Certid\u00f5es Negativas de D\u00e9bitos<\/li>\n<li>Certificado de Regularidade Previdenci\u00e1ria<\/li>\n<\/ul>\n<p>&nbsp;<\/p>\n<h3>Investimentos<\/h3>\n<ul>\n<li>ALM<\/li>\n<li>Composi\u00e7\u00e3o da carteira mensal por segmento e ativo<\/li>\n<li>Pol\u00edtica de investimentos<\/li>\n<li>Rela\u00e7\u00e3o das entidades \/ credenciamento<\/li>\n<li>Relat\u00f3rios trimestrais, semestrais e anuais de investimentos<\/li>\n<\/ul>\n<p>[\/vc_column_text][\/vc_column][\/vc_row][\/vc_section]<\/p>\n","protected":false},"excerpt":{"rendered":"<p>[vc_section][vc_row][vc_column width=&#8221;1\/4&#8243;][vc_column_text] Licita\u00e7\u00f5es e Contratos Fornecedores Licita\u00e7\u00f5es Gest\u00e3o Atuarial Avalia\u00e7\u00e3o atuarial anual Relat\u00f3rio de gest\u00e3o atuarial [\/vc_column_text][\/vc_column][vc_column width=&#8221;1\/4&#8243;][vc_column_text] Not\u00edcias Boletins informativos Galeria Todas as not\u00edcias [\/vc_column_text][\/vc_column][vc_column width=&#8221;1\/4&#8243;][vc_column_text] Jur\u00eddico Ac\u00f3rd\u00e3os TCE &nbsp; Portal da Transpar\u00eancia Portal da Transpar\u00eancia [\/vc_column_text][\/vc_column][vc_column width=&#8221;1\/4&#8243;][vc_column_text] Certid\u00f5es Certid\u00f5es Negativas de D\u00e9bitos Certificado de Regularidade Previdenci\u00e1ria &nbsp; Investimentos ALM Composi\u00e7\u00e3o da carteira mensal [&hellip;]<\/p>\n","protected":false},"author":2,"featured_media":0,"parent":0,"menu_order":0,"comment_status":"closed","ping_status":"closed","template":"","meta":{"footnotes":""},"class_list":["post-1745","page","type-page","status-publish","hentry"],"featured_media_urls":[],"_links":{"self":[{"href":"https:\/\/ipremburitama.sp.gov.br\/index.php\/wp-json\/wp\/v2\/pages\/1745","targetHints":{"allow":["GET"]}}],"collection":[{"href":"https:\/\/ipremburitama.sp.gov.br\/index.php\/wp-json\/wp\/v2\/pages"}],"about":[{"href":"https:\/\/ipremburitama.sp.gov.br\/index.php\/wp-json\/wp\/v2\/types\/page"}],"author":[{"embeddable":true,"href":"https:\/\/ipremburitama.sp.gov.br\/index.php\/wp-json\/wp\/v2\/users\/2"}],"replies":[{"embeddable":true,"href":"https:\/\/ipremburitama.sp.gov.br\/index.php\/wp-json\/wp\/v2\/comments?post=1745"}],"version-history":[{"count":0,"href":"https:\/\/ipremburitama.sp.gov.br\/index.php\/wp-json\/wp\/v2\/pages\/1745\/revisions"}],"wp:attachment":[{"href":"https:\/\/ipremburitama.sp.gov.br\/index.php\/wp-json\/wp\/v2\/media?parent=1745"}],"curies":[{"name":"wp","href":"https:\/\/api.w.org\/{rel}","templated":true}]}}