{"id":1366,"date":"2019-08-07T09:38:20","date_gmt":"2019-08-07T12:38:20","guid":{"rendered":"http:\/\/www.ipremburitama.sp.gov.br\/site\/?page_id=1366"},"modified":"2026-02-04T11:11:07","modified_gmt":"2026-02-04T11:11:07","slug":"conselho-deliberativo-e-fiscal","status":"publish","type":"page","link":"https:\/\/ipremburitama.sp.gov.br\/index.php\/conselho-deliberativo-e-fiscal\/","title":{"rendered":"Conselho Deliberativo"},"content":{"rendered":"\t\t<div data-elementor-type=\"wp-page\" data-elementor-id=\"1366\" class=\"elementor elementor-1366\">\n\t\t\t\t<div class=\"elementor-element elementor-element-3fa488e3 e-flex e-con-boxed e-con e-parent\" data-id=\"3fa488e3\" data-element_type=\"container\" data-e-type=\"container\">\n\t\t\t\t\t<div class=\"e-con-inner\">\n\t\t\t\t<div class=\"elementor-element elementor-element-2a785fa9 elementor-widget elementor-widget-text-editor\" data-id=\"2a785fa9\" data-element_type=\"widget\" data-e-type=\"widget\" data-widget_type=\"text-editor.default\">\n\t\t\t\t\t\t\t\t\t<p>Conselho Deliberativo<br \/>.<\/p><ul><li>Patricia Jacovacci Rodrigues \u2013 Presidente \/\u00a0<i>Professora Aposentada, ingressou no servi\u00e7o p\u00fablico municipal em 1988, onde trabalhou durante 32 anos nas unidades escolares do munic\u00edpio<\/i><\/li><li>Ilson Jos\u00e9 Garcia \u2013 Membro \/\u00a0<i>Servidor p\u00fablico efetivo no cargo de Auxiliar de Contabilidade, Bacharel em Ci\u00eancias Cont\u00e1beis, sendo servidor p\u00fablico desde 1991.<\/i><\/li><li>Jos\u00e9 Antonio Bezerra \u2013 Membro \/\u00a0<i>Diretor Administrativo da C\u00e2mara Municipal de Buritama, servidor p\u00fablico desde 1985.<\/i><\/li><li>Rodrigo Emoto \u2013 Membro \/\u00a0<i>Bacharel em Sistema de Informa\u00e7\u00e3o, servidor p\u00fablico efetivo desde 2016.<\/i><\/li><li>Cleber Reginaldo Placidino \u2013 Membro \/\u00a0<i>Servidor p\u00fablico desde 1992, ocupante do cargo efetivo de Supervisor Departamento de Material da Prefeitura Municipal.<\/i><\/li><\/ul><p><strong>Requerimento Interno<\/strong><\/p><p><a href=\"https:\/\/ipremburitama.sp.gov.br\/wp-content\/uploads\/2025\/01\/Regimento-Interno-Conselho-Deliberativo.pdf\" target=\"_blank\" rel=\"noopener\">Regimento Interno Conselho Deliberativo<\/a><\/p><p><strong>Atas\u00a0Conselho Deliberativo<\/strong><\/p><p><a href=\"https:\/\/ipremburitama.sp.gov.br\/index.php\/atas-conselho-deliberativo\/\">Ver atas<\/a><\/p><h4><strong>Reuni\u00f5es<\/strong><\/h4><p><img fetchpriority=\"high\" decoding=\"async\" class=\"aligncenter wp-image-3526 size-large\" src=\"https:\/\/ipremburitama.sp.gov.br\/wp-content\/uploads\/2026\/02\/Calendario-de-Reunioes-Conselho-Deliberativo-2026_page-0001-1024x724.jpg\" alt=\"\" width=\"1024\" height=\"724\" srcset=\"https:\/\/ipremburitama.sp.gov.br\/wp-content\/uploads\/2026\/02\/Calendario-de-Reunioes-Conselho-Deliberativo-2026_page-0001-1024x724.jpg 1024w, https:\/\/ipremburitama.sp.gov.br\/wp-content\/uploads\/2026\/02\/Calendario-de-Reunioes-Conselho-Deliberativo-2026_page-0001-300x212.jpg 300w, https:\/\/ipremburitama.sp.gov.br\/wp-content\/uploads\/2026\/02\/Calendario-de-Reunioes-Conselho-Deliberativo-2026_page-0001-768x543.jpg 768w, https:\/\/ipremburitama.sp.gov.br\/wp-content\/uploads\/2026\/02\/Calendario-de-Reunioes-Conselho-Deliberativo-2026_page-0001-1536x1086.jpg 1536w, https:\/\/ipremburitama.sp.gov.br\/wp-content\/uploads\/2026\/02\/Calendario-de-Reunioes-Conselho-Deliberativo-2026_page-0001-600x424.jpg 600w, https:\/\/ipremburitama.sp.gov.br\/wp-content\/uploads\/2026\/02\/Calendario-de-Reunioes-Conselho-Deliberativo-2026_page-0001-1200x849.jpg 1200w, https:\/\/ipremburitama.sp.gov.br\/wp-content\/uploads\/2026\/02\/Calendario-de-Reunioes-Conselho-Deliberativo-2026_page-0001-1600x1131.jpg 1600w, https:\/\/ipremburitama.sp.gov.br\/wp-content\/uploads\/2026\/02\/Calendario-de-Reunioes-Conselho-Deliberativo-2026_page-0001-1100x778.jpg 1100w, https:\/\/ipremburitama.sp.gov.br\/wp-content\/uploads\/2026\/02\/Calendario-de-Reunioes-Conselho-Deliberativo-2026_page-0001-20x14.jpg 20w, https:\/\/ipremburitama.sp.gov.br\/wp-content\/uploads\/2026\/02\/Calendario-de-Reunioes-Conselho-Deliberativo-2026_page-0001.jpg 1755w\" sizes=\"(max-width: 1024px) 100vw, 1024px\" \/><\/p>\t\t\t\t\t\t\t\t<\/div>\n\t\t\t\t\t<\/div>\n\t\t\t\t<\/div>\n\t\t\t\t<\/div>\n\t\t","protected":false},"excerpt":{"rendered":"<p>Conselho Deliberativo. Patricia Jacovacci Rodrigues \u2013 Presidente \/\u00a0Professora Aposentada, ingressou no servi\u00e7o p\u00fablico municipal em 1988, onde trabalhou durante 32 anos nas unidades escolares do munic\u00edpio Ilson Jos\u00e9 Garcia \u2013 Membro \/\u00a0Servidor p\u00fablico efetivo no cargo de Auxiliar de Contabilidade, Bacharel em Ci\u00eancias Cont\u00e1beis, sendo servidor p\u00fablico desde 1991. Jos\u00e9 Antonio Bezerra \u2013 Membro \/\u00a0Diretor [&hellip;]<\/p>\n","protected":false},"author":2,"featured_media":0,"parent":0,"menu_order":0,"comment_status":"closed","ping_status":"closed","template":"","meta":{"footnotes":""},"class_list":["post-1366","page","type-page","status-publish","hentry"],"featured_media_urls":[],"_links":{"self":[{"href":"https:\/\/ipremburitama.sp.gov.br\/index.php\/wp-json\/wp\/v2\/pages\/1366","targetHints":{"allow":["GET"]}}],"collection":[{"href":"https:\/\/ipremburitama.sp.gov.br\/index.php\/wp-json\/wp\/v2\/pages"}],"about":[{"href":"https:\/\/ipremburitama.sp.gov.br\/index.php\/wp-json\/wp\/v2\/types\/page"}],"author":[{"embeddable":true,"href":"https:\/\/ipremburitama.sp.gov.br\/index.php\/wp-json\/wp\/v2\/users\/2"}],"replies":[{"embeddable":true,"href":"https:\/\/ipremburitama.sp.gov.br\/index.php\/wp-json\/wp\/v2\/comments?post=1366"}],"version-history":[{"count":6,"href":"https:\/\/ipremburitama.sp.gov.br\/index.php\/wp-json\/wp\/v2\/pages\/1366\/revisions"}],"predecessor-version":[{"id":3529,"href":"https:\/\/ipremburitama.sp.gov.br\/index.php\/wp-json\/wp\/v2\/pages\/1366\/revisions\/3529"}],"wp:attachment":[{"href":"https:\/\/ipremburitama.sp.gov.br\/index.php\/wp-json\/wp\/v2\/media?parent=1366"}],"curies":[{"name":"wp","href":"https:\/\/api.w.org\/{rel}","templated":true}]}}